{"id":10,"date":"2020-08-29T17:15:51","date_gmt":"2020-08-29T17:15:51","guid":{"rendered":"https:\/\/lr-produkte24.com\/datenschutzerklaerung\/"},"modified":"2020-12-03T20:04:25","modified_gmt":"2020-12-03T19:04:25","slug":"datenschutzerklaerung","status":"publish","type":"page","link":"https:\/\/partnerantrag.online\/2508600\/datenschutzerklaerung\/","title":{"rendered":"Datenschutzerkl\u00e4rung"},"content":{"rendered":"<p><strong>Datenschutzhinweise nach Art. 13 und 21 DS-GVO f\u00fcr die Website https:\/\/partnerantrag.online\/2508600\/<\/strong><\/p>\n<p><strong>1. Allgemeines <\/strong><br \/>\nWir, die LR Health &amp; Beauty Systems GmbH, Kruppstra\u00dfe 55, 59227 Ahlen (\u201eVerk\u00e4ufer\u201c) und Alpbu\u011fra Yavuz, Karl-Baisch Str. 3, 71384 Weinstadt (\u201eShop-Betreiber\u201c), nehmen den Schutz Ihrer personenbezogenen Daten und die diesem Schutz dienenden gesetzlichen Verpflichtungen sehr ernst. Die gesetzlichen Vorgaben verlangen umfassende Transparenz \u00fcber die Verarbeitung pers\u00f6nlicher Daten. Nur wenn die Verarbeitung f\u00fcr Sie als betroffene Person nachvollziehbar ist, sind Sie ausreichend \u00fcber den Sinn, Zweck und Umfang der Verarbeitung informiert. Unsere Datenschutzerkl\u00e4rung erkl\u00e4rt Ihnen deshalb ausf\u00fchrlich, welche sog. personenbezogenen Daten von uns bei der Nutzung der Website https:\/\/partnerantrag.online\/2508600\/ und allen hierauf verweisenden anderen Internetseiten verarbeitet werden (Definitionen s. unter 2.).Verantwortlicher im Sinne der Datenschutz-Grundverordnung (DS-GVO), des Bundesdatenschutzgesetzes (BDSG) sowie sonstiger datenschutzrechtlicher Vorgaben ist die<\/p>\n<p><span id=\"cloak11c7edbda40c3a0946055271e5bde00\">Alpbu\u011fra Yavuz<br \/>\nKarl-Baisch Str. 3<br \/>\n71384 Weinstadt<br \/>\ninfo@lr-health.shop<br \/>\nTelefon: +4917646731313<br \/>\nTelefax: <\/span><\/p>\n<p>Im Folgenden \u201eVerantwortlicher\u201c oder \u201ewir\u201c genannt.<br \/>\nEin Datenschutzbeauftragter ist bei uns nicht benannt.<br \/>\nBitte beachten Sie, dass Sie \u00fcber Links auf unserer Website zu anderen Internetseiten gelangen k\u00f6nnen, die nicht von uns, sondern von Dritten betrieben werden. Solche Links werden von uns entweder eindeutig gekennzeichnet oder sind durch einen Wechsel in der Adresszeile Ihres Browsers erkennbar. F\u00fcr die Einhaltung der datenschutzrechtlichen Bestimmungen und einen sicheren Umgang mit Ihren personenbezogenen Daten auf diesen von Dritten betriebenen Internetseiten sind wir nicht verantwortlich.<\/p>\n<p>&nbsp;<\/p>\n<p><strong>2. Definitionen<\/strong><\/p>\n<p>2.1. Aus der DS-GVO<br \/>\nDiese Datenschutzerkl\u00e4rung verwendet die Begriffe des Gesetzestextes der DS-GVO. Die Begriffsbestimmungen (Art. 4 DS-GVO) k\u00f6nnen Sie z.B. unter https:\/\/dejure.org\/gesetze\/DSGVO\/4.html einsehen.<\/p>\n<p>2.2. Cookies<br \/>\nCookies sind kleine Informationseinheiten, die von einer Website auf Ihrem Endger\u00e4t abgelegt bzw. dort ausgelesen werden. Dies dient dazu, diese Informationen zu einem sp\u00e4teren Zeitpunkt erneut nutzen zu k\u00f6nnen. Sie enthalten Buchstaben- und Zahlenkombinationen, um z.B. bei einer erneuten Verbindung zur Cookie-setzenden Website den Nutzer und seine Einstellungen wiederzuerkennen, das Eingeloggt-Bleiben in einem Kundenkonto zu erm\u00f6glichen oder ein bestimmtes Nutzungsverhalten statistisch zu analysieren.<\/p>\n<p>&nbsp;<\/p>\n<p><strong>3. Allgemeine Informationen zur Datenverarbeitung<\/strong><br \/>\nWir verarbeiten personenbezogene Daten nur, soweit dies gesetzlich zul\u00e4ssig ist. Eine Weitergabe personenbezogener Daten findet ausschlie\u00dflich in den unten beschriebenen F\u00e4llen (s. unten 4.) statt. Die personenbezogenen Daten werden gel\u00f6scht oder durch technische und organisatorische Ma\u00dfnahmen (z.B. Pseudonymisierung, Verschl\u00fcsselung) gesch\u00fctzt, sobald der Zweck der Verarbeitung entf\u00e4llt. Dies erfolgt auch dann, wenn eine vorgeschriebene Speicherfrist abl\u00e4uft, es sei denn, dass eine Erforderlichkeit zur weiteren Speicherung der personenbezogenen Daten f\u00fcr einen Vertragsabschluss oder eine Vertragserf\u00fcllung besteht. Sofern wir nicht gesetzlich zu einer l\u00e4ngeren Speicherung oder einer Weitergabe an Dritte (insbesondere Strafverfolgungsbeh\u00f6rden) verpflichtet sind, h\u00e4ngt die Entscheidung, welche personenbezogenen Daten von uns erhoben werden, wie lange sie gespeichert werden und in welchem Umfang Sie sie ggf. offenlegen m\u00fcssen, davon ab, welche Funktionen der Website Sie im Einzelfall nutzen.<\/p>\n<p>&nbsp;<\/p>\n<p><strong>4. Datenverarbeitung im Zusammenhang mit der Nutzung der Website<\/strong><br \/>\nDie Nutzung der Website und ihrer Funktionen erfordert regelm\u00e4\u00dfig die Verarbeitung bestimmter personenbezogenen Daten.<\/p>\n<p>4.1. Informatorische Nutzung der Website<br \/>\nWenn Sie unsere Website aufrufen und rein informatorisch, das hei\u00dft ohne Verwendung von Zusatzfunktionen wie Kontaktformular oder Social Media Plugins, nutzen, werden automatisch personenbezogene Daten von uns erhoben. Hierbei handelt es sich um folgende Informationen: IP-Adresse Ihres Endger\u00e4ts sowie Datum und Uhrzeit des Abrufs der Website. Diese Informationen werden von Ihrem Browser \u00fcbermittelt, sofern Sie ihn nicht so konfiguriert haben, dass die \u00dcbermittlung der Informationen unterdr\u00fcckt wird. Die Verarbeitung dieser personenbezogenen Daten erfolgt aus Zwecken der Funktionsf\u00e4higkeit und Optimierung der Website, sowie zur Gew\u00e4hrleistung der Sicherheit unserer informationstechnischen Systeme. Hierin liegt zugleich unser berechtigtes Interesse, weswegen die Verarbeitung nach Art. 6 Abs. 1 Buchst. f DS-GVO zul\u00e4ssig ist. Die personenbezogenen Daten werden f\u00fcr die Dauer von 4 Wochen gespeichert. Wir f\u00fchren diese personenbezogenen Daten nicht mit anderen Datenquellen zusammen. Eine Datenweitergabe an Dritte findet nicht statt. Eine \u00dcbermittlung in ein Drittland oder an eine internationale Organisation ist nicht beabsichtigt.<\/p>\n<p>4.2. \u00dcbermittlung Ihrer IP-Adresse<br \/>\nWenn Sie unsere Website aufrufen, werden Inhalte von Drittanbietern geladen. Dies ist erforderlich, um Ihnen z.B. Angebote oder Funktionen, die wir nicht selber bereitstellen, anzeigen zu k\u00f6nnen. Hierzu ist es technisch erforderlich, dass Ihr Browser eine Verbindung zu dem Server des jeweiligen Anbieters herstellt, wobei Ihre IP-Adresse \u00fcbertragen werden muss. Diese kann, worauf wir keinen Einfluss haben, bei dem Drittanbieter gespeichert werden. Der jeweilige Anbieter wird regelm\u00e4\u00dfig nicht im Stande sein, Ihre IP-Adresse Ihnen als Person zuzuordnen, wenn Sie nicht auch weitere Daten zur Verf\u00fcgung stellen (z.B. an die Betreiber sozialer Netzwerke, wenn Sie in Ihren Account dort eingeloggt sind). Ihre IP-Adresse erhalten auf diesem Wege die folgenden Empf\u00e4nger: Vodafone GmbH, Telekom Deutschland GmbH etc. \u00dcber Empf\u00e4nger, f\u00fcr die Ihre IP-Adresse typischerweise ein personenbezogenes Datum darstellt, informieren wir Sie im Folgenden gesondert.<\/p>\n<p>4.3. Google Analytics<br \/>\nWenn Sie unsere Webseite aufrufen, wird zur statistischen Auswertung der Nutzung der Website der Webanalysedienst Google Analytics geladen. Dieser Dienst wird von Google LLC, 1600 Amphitheatre Parkway Mountain View, CA 94043, USA (\u201eGoogle\u201c) bereitgestellt. Google Analytics verwendet Cookies, die eine Analyse der Benutzung dieser Website erm\u00f6glichen. Durch die Nutzung der Website werden durch die Cookies Informationen erzeugt, die an Google in die USA \u00fcbertragen und dort gespeichert werden. Dabei stellen wir durch die Verwendung der Erweiterung \u201eanonymizeIp()&#8221; sicher, dass Google Analytics nur eine gek\u00fcrzte Fassung Ihrer IP-Adresse an Google in die USA \u00fcbertr\u00e4gt. Sie k\u00f6nnen die Verwendung von Cookies, die auf Ihrem Endger\u00e4t gespeichert werden und eine Analyse der Benutzung der Website durch Sie erm\u00f6glichen, untersagen. Die Nutzung von Google Analytics erfolgt zu Zwecken der wirtschaftlichen Optimierung und bedarfsgerechten Gestaltung unserer Website. Dies stellt ein berechtigtes Interesse im Sinne von Art. 6 Abs. 1 Buchst. f DS-GVO dar. Dar\u00fcber hinaus haben wir mit Google einen Vertrag zur Auftragsverarbeitung abgeschlossen und setzen die strengen Vorgaben der deutschen Datenschutzbeh\u00f6rden bei der Nutzung von Google Analytics vollst\u00e4ndig um. Die Daten\u00fcbertragung in die USA erfolgt gem\u00e4\u00df dem Durchf\u00fchrungsbeschluss (EU) 2016\/1250 der EU-Kommission (EU-US-Datenschutzschild). Ihre IP-Adresse wird von uns erhoben, um die K\u00fcrzung und danach die \u00dcbermittlung an Google in die USA zu erm\u00f6glichen. Sie sind zur Bereitstellung dieser personenbezogenen Daten nicht verpflichtet, eine Nutzung unserer Website ist ohne die Bereitstellung m\u00f6glich. Sie k\u00f6nnen die Bereitstellung dieser personenbezogenen Daten verhindern, indem Sie das AddOn unter https:\/\/tools.google.com\/dlpage\/gaoptout?hl=de installieren.<\/p>\n<p>4.4. Facebook- Ads<br \/>\nWir verwenden die Remarketing-Funktion \u201eCustom Audiences\u201c der Facebook Inc., 1601 S. California Ave, Palo Alto, CA 94304, USA (&#8220;Facebook&#8221;). Mit Custom Audiences k\u00f6nnen wir die Nutzer des Online-Shops zielgerichtet mit Werbung ansprechen, indem f\u00fcr diese personalisierte und interessenbezogene Facebook-Ads (https:\/\/de-de.facebook.com\/business\/products\/ads) geschaltet werden, wenn sie das soziale Netzwerk Facebook besuchen. Wir nutzen Facebook Custom Audiences in der &#8220;Facebook Custom Audiences from Website\u201c-Variante. Dabei wird auf der Website unseres Onlineshops ein unsichtbarer Pixel eingebunden. Sieht sich ein potentieller Kunde in unserem Onlineshop bestimmte Produkte an, legt diese in den Warenkorb und bricht dann die Bestellung ab, leitet das Pixel die Daten an Facebook weiter. Beim n\u00e4chsten Login des potentiellen Kunden bei Facebook, erh\u00e4lt dieser aufgrund dieses Umstandes zielgerichtet Werbung f\u00fcr das Produkt, was er sich zuvor angesehen, aber nicht erworben hat. Die Verarbeitung dieser personenbezogenen Daten erfolgt zu Zwecken der Optimierung unserer Angebote und der individualisierten Werbung. Hierin liegen zugleich unsere berechtigten Interessen, weswegen die Verarbeitung nach Art. 6 Abs. 1 Buchst. f DS-GVO zul\u00e4ssig ist. Die Daten\u00fcbertragung an Google in die USA erfolgt gem\u00e4\u00df dem Durchf\u00fchrungsbeschluss (EU) 2016\/1250 der EU-Kommission (EU-US-Datenschutzschild). Wenn Sie nicht m\u00f6chten, dass Facebook die gesammelten Informationen unmittelbar Ihrem Facebook-Benutzerkonto zuordnet, k\u00f6nnen Sie die Remarketing-Funktion \u201eCustom Audiences\u201c in den Einstellungen Ihres Benutzerkontos bei Facebook deaktivieren. Dazu m\u00fcssen Sie bei Facebook angemeldet sein. N\u00e4here Informationen zur Erhebung und Nutzung der Daten durch Facebook, \u00fcber Ihre diesbez\u00fcglichen Rechte und M\u00f6glichkeiten zum Schutz Ihrer Privatsph\u00e4re finden Sie in den Datenschutzhinweisen von Facebook (https:\/\/www.facebook.com\/about\/privacy\/).<\/p>\n<p>4.5. Google AdWords Conversion Tracking<br \/>\nWir verwenden zur statistischen Erfassung von Marketingkampagnen \u201eGoogle AdWords Conversion Tracking\u201c. Dieser Dienst wird von Google LLC, 1600 Amphitheatre Parkway Mountain View, CA 94043, USA (\u201eGoogle\u201c) bereitgestellt. Dabei wird von Google AdWords ein Cookie auf Ihrem Rechner gesetzt, sofern Sie \u00fcber eine Google-Anzeige auf unsere Webseite gelangt sind. Diese Cookies verlieren nach 30 Tagen ihre G\u00fcltigkeit und dienen nicht der pers\u00f6nlichen Identifizierung. Besucht der Nutzer bestimmte Seiten der Webseite des AdWords-Kunden und das Cookie ist noch nicht abgelaufen, k\u00f6nnen Google und wir als Betreiber der Website erkennen, dass der Nutzer auf die Anzeige geklickt hat und zu dieser Seite weitergeleitet wurde. Jeder AdWords-Kunde erh\u00e4lt ein anderes Cookie. Cookies k\u00f6nnen somit nicht \u00fcber die Webseiten von AdWords-Kunden nachverfolgt werden. Die mithilfe des Conversion-Cookies eingeholten Informationen dienen dazu, Conversion-Statistiken f\u00fcr AdWords-Kunden zu erstellen, die sich f\u00fcr Conversion-Tracking entschieden haben. Die AdWords-Kunden erfahren die Gesamtanzahl der Nutzer, die auf ihre Anzeige geklickt haben und zu einer mit einem Conversion-TrackingTag versehenen Seite weitergeleitet wurden. Sie erhalten jedoch keine Informationen, mit denen sich Nutzer pers\u00f6nlich identifizieren lassen. Die Nutzung von Google Conversion Tracking erfolgt zu Zwecken der wirtschaftlichen Optimierung, der bedarfsgerechten Gestaltung unserer Website und der korrekten Abrechnung von durch uns geschaltete Werbekampagnen. Dies stellt ein berechtigtes Interesse im Sinne von Art. 6 Abs. 1 Buchst. f DS-GVO dar. Wenn Sie nicht an dem Tracking-Verfahren teilnehmen m\u00f6chten, k\u00f6nnen Sie auch das hierf\u00fcr erforderliche Setzen eines Cookies ablehnen \u2013 etwa per Browser-Einstellung, die das automatische Setzen von Cookies generell deaktiviert. Sie k\u00f6nnen Cookies f\u00fcr Conversion-Tracking auch deaktivieren, indem Sie Ihren Browser so einstellen, dass Cookies von der Domain \u201ewww.googleadservices.com\u201c blockiert werden. Googles Datenschutzbelehrung zum Conversion-Tracking finden Sie hier (https:\/\/services.google.com\/sitestats\/de.html).<\/p>\n<p>4.6. Kontaktaufnahme per E-Mail<br \/>\nWenn Sie uns eine E-Mail schreiben, werden die von Ihnen dort angegebenen personenbezogenen Daten von uns verarbeitet. Diese Informationen werden von Ihrem E-Mailclient \u00fcbermittelt und in unseren informationstechnischen Systemen gespeichert. Die Verarbeitung dieser personenbezogenen Daten ist notwendig f\u00fcr die Beantwortung Ihrer Anfrage. Zus\u00e4tzlich werden Ihre IP-Adresse und Datum und Uhrzeit der Kontaktanfrage gespeichert. Die Datenverarbeitung dient der Beantwortung Ihrer Anfrage. Diese Verarbeitungen sind rechtm\u00e4\u00dfig, weil die Beantwortung Ihrer Anfrage ein berechtigtes Interesse im Sinne des Art. 6 Abs. 1 Buchst. f DS-GVO darstellt. Die personenbezogenen Daten werden solange gespeichert, wie dies zur Beantwortung Ihrer Anfrage erforderlich ist. Sollte Ihre Anfrage zu einem sp\u00e4teren Vertragsschluss f\u00fchren, findet eine Speicherung statt, solange dies zur Durchf\u00fchrung vorvertraglicher Ma\u00dfnahmen oder zur Erf\u00fcllung des Vertrags erforderlich ist. Danach werden die personenbezogenen Daten routinem\u00e4\u00dfig alle 3 Monate gel\u00f6scht. Wir f\u00fchren diese personenbezogenen Daten nicht mit anderen Datenquellen zusammen. Eine Datenweitergabe an Dritte findet nicht statt. Eine \u00dcbermittlung in ein Drittland oder an eine internationale Organisation ist nicht beabsichtigt. Sie sind zur Bereitstellung dieser personenbezogenen Daten nicht verpflichtet, der Versand einer E-Mail ist ohne die Bereitstellung jedoch nicht m\u00f6glich.<\/p>\n<p>4.7. Kontaktanfrage bei Bestellung<br \/>\nWenn Sie das Kontaktanfrageformular auf unserer Website nutzen, werden die von Ihnen dort angegebenen personenbezogenen Daten von uns verarbeitet. Diese Informationen werden von Ihrem Browser \u00fcbermittelt und in unseren informationstechnischen Systemen gespeichert. Gespeichert werden au\u00dferdem Ihre IP-Adresse und Zeitpunkt der Anfrage. Die Verarbeitung der von Ihnen eingegebenen personenbezogenen Daten dient dem Zweck der Bearbeitung Ihrer Anfrage. Diese Verarbeitung ist rechtm\u00e4\u00dfig, weil sie zur Durchf\u00fchrung vorvertraglicher Ma\u00dfnahmen gem\u00e4\u00df Art. 6 Abs. 1 Buchst. b DS-GVO erforderlich ist und die Bearbeitung Ihrer Anfrage ein berechtigtes Interesse von uns gem\u00e4\u00df Art. 6 Abs. 1 Buchst. f DS-GVO darstellt. Die Speicherung von IP-Adresse und Zeitpunkt der Anforderung dient dem Zweck, die Sicherheit unserer informationstechnischen Systeme zu gew\u00e4hrleisten. Hierin liegt zugleich unser berechtigtes Interesse, weswegen die Verarbeitung nach Art. 6 Abs. 1 Buchst. f DS-GVO zul\u00e4ssig ist. Die von Ihnen mitgeteilten personenbezogenen Daten werden solange gespeichert, wie dies zur Bearbeitung Ihrer Anfrage zur Bestellung oder, sollte es zum Vertragsschluss kommen, zur Vertragserf\u00fcllung erforderlich ist. Danach werden die Daten routinem\u00e4\u00dfig alle 3 Monate gel\u00f6scht. IP-Adresse und Zeitpunkt der Anfrage werden f\u00fcr die Dauer von 4 Wochen gespeichert. Eine Datenweitergabe findet nur statt, soweit dies zur Vertragserf\u00fcllung erforderlich ist (z.B. an die jeweiligen Anbieter). Eine \u00dcbermittlung in ein Drittland oder an eine internationale Organisation ist nicht beabsichtigt. Sie sind zur Bereitstellung dieser personenbezogenen Daten nicht verpflichtet, die Bearbeitung Ihrer Anfrage zur Bestellung ist ohne die Bereitstellung jedoch nicht m\u00f6glich.<\/p>\n<p>4.8. Onlineshop<br \/>\nUnsere Website stellt einen Onlineshop bereit. Wenn Sie Produkte in den Warenkorb aufnehmen, legt unsere Website auf Ihrem Endger\u00e4t Cookies ab, um zu erm\u00f6glichen, dass Sie die Bestellung fortsetzen k\u00f6nnen auch wenn Sie die Website zwischenzeitlich neu laden m\u00fcssen. Wenn Sie eine Bestellung aufgeben, werden dar\u00fcber hinaus die im Bestellformular angegebenen personenbezogenen Daten durch Ihren Browser an uns \u00fcbermittelt und in unseren informationstechnischen Systemen gespeichert. Gespeichert werden au\u00dferdem Ihre IP-Adresse und Zeitpunkt der Bestellung. Die Verarbeitung der von Ihnen eingegebenen personenbezogenen Daten dient dem Zweck eine Bestellung ausliefern zu k\u00f6nnen. Diese Verarbeitung ist rechtm\u00e4\u00dfig, weil Sie zur Vertragserf\u00fcllung gem\u00e4\u00df Art. 6 Abs. 1 Buchst. b DS-GVO erforderlich ist. Die Speicherung von IP-Adresse und Zeitpunkt der Bestellung dient dem Zweck die Sicherheit unserer informationstechnischen Systeme zu gew\u00e4hrleisten. Hierin liegt zugleich unser berechtigtes Interesse, weswegen die Verarbeitung nach Art. 6 Abs. 1 Buchst. f DS-GVO zul\u00e4ssig ist. Die von Ihnen eingegeben personenbezogenen Daten werden solange gespeichert, wie zur Vertragserf\u00fcllung erforderlich. IP-Adresse und Zeitpunkt der Bestellung werden f\u00fcr die Dauer von 4 Wochen gespeichert. Die Cookies verlieren ihre G\u00fcltigkeit nach sp\u00e4testens 3 Stunden. Wir f\u00fchren diese personenbezogenen Daten nicht mit anderen Datenquellen zusammen. Eine Datenweitergabe an Dritte findet nur statt, soweit dies zur Vertragserf\u00fcllung erforderlich ist (z.B. an Zahlungsdienstleister, IT-Dienstleister, Versandunternehmen, externes Callcenter, etc.). Eine \u00dcbermittlung in ein Drittland oder an eine internationale Organisation ist nicht beabsichtigt. Sie sind zur Bereitstellung dieser personenbezogenen Daten nicht verpflichtet, eine Bestellung in unserem Onlineshop ist ohne die Bereitstellung jedoch nicht m\u00f6glich.<\/p>\n<p>&nbsp;<\/p>\n<p><strong>5. Betroffenenrechte<\/strong><br \/>\nSie haben als betroffene Person das Recht auf Auskunft nach Art. 15 DS-GVO, das Recht auf Berichtigung nach Art. 16 DS-GVO, das Recht auf L\u00f6schung nach Art. 17 DS-GVO, das Recht auf Einschr\u00e4nkung der Verarbeitung nach Art. 18 DS-GVO sowie das Recht auf Daten\u00fcbertragbarkeit nach Art. 20 DS-GVO. Beim Auskunftsrecht und beim L\u00f6schungsrecht gelten die Beschr\u00e4nkungen aus \u00a7\u00a7 34, 35 BDSG. Dar\u00fcber hinaus besteht ein Beschwerderecht bei einer Datenschutzaufsichtsbeh\u00f6rde (Art. 77 DS-GVO in Verbindung mit \u00a7 19 BDSG).<\/p>\n<p>&nbsp;<\/p>\n<p><strong>6. Automatisierte Entscheidungen im Einzelfall einschlie\u00dflich Profiling<\/strong><br \/>\nAutomatisierte Entscheidungen im Einzelfall einschlie\u00dflich Profiling erfolgen nicht.<\/p>\n<p>&nbsp;<\/p>\n<p><strong>7. Mitteilungspflichten des Verantwortlichen<\/strong><br \/>\nWir teilen allen Empf\u00e4ngern, denen Ihre personenbezogenen Daten offengelegt wurden, jede Berichtigung oder L\u00f6schung ihrer personenbezogenen Daten oder eine Einschr\u00e4nkung der Verarbeitung nach Art. 16, Art. 17 Abs. 1 und Art. 18 DS-GVO mit, es sei denn, die Mitteilung ist unm\u00f6glich oder ist mit einem unverh\u00e4ltnism\u00e4\u00dfigen Aufwand verbunden. Wir unterrichten Sie \u00fcber die Empf\u00e4nger, wenn Sie dies verlangen.<\/p>\n<p>&nbsp;<\/p>\n<p><strong>8. Widerspruchsrecht<\/strong><br \/>\nSie haben das Recht, aus Gr\u00fcnden, die sich aus Ihrer besonderen Situation ergeben, jederzeit gegen die Verarbeitung der Sie betreffenden personenbezogenen Daten, die aufgrund von Art. 6 Abs. 1 Buchst. e oder f DS-GVO erfolgt, Widerspruch einzulegen. Werden personenbezogene Daten verarbeitet, um Direktwerbung zu betreiben, so haben Sie das Recht, jederzeit Widerspruch gegen die Verarbeitung sie betreffender personenbezogener Daten zum Zwecke derartiger Werbung einzulegen. Der Widerspruch kann formfrei erfolgen und ist zu richten an:<\/p>\n<p>Alpbu\u011fra Yavuz<br \/>\nKarl-Baisch Str. 3<br \/>\n71384 Weinstadt<br \/>\ninfo@lr-health.shop<br \/>\nTelefon: +4917646731313<br \/>\nTelefax: <\/p>\n<p>&nbsp;<\/p>\n<p><strong>9. Recht auf Widerruf der Einwilligung in die Verarbeitung der personenbezogenen Daten<\/strong><br \/>\nSie haben gem\u00e4\u00df Art. 7 Abs. 3 S. 4 DS-GVO das Recht, Ihre Einwilligung jederzeit zu widerrufen. Die Rechtm\u00e4\u00dfigkeit der aufgrund der Einwilligung bis zum Widerruf erfolgten Verarbeitung wird hiervon nicht ber\u00fchrt. Damit gilt der Widerruf immer nur f\u00fcr die nach dem Widerruf geplante Verarbeitung. Der Widerruf ist formlos per Post oder E-Mail m\u00f6glich. Legen Sie Widerrruf ein, werden wir Ihre personenbezogenen Daten nicht mehr verarbeiten, es sei denn, eine andere (gesetzliche) Grundlage gestattet dies. Erfolgt jedoch ein Widerruf und es liegt kein anderer Erlaubnistatbestand vor, so m\u00fcssen gem\u00e4\u00df Art. 17 Abs. 2 Buchst. b DS-GVO die personenbezogenen Daten auf Ihren Wunsch hin unverz\u00fcglich gel\u00f6scht werden. Der Widerruf kann formfrei erfolgen und ist zu richten an:<\/p>\n<p>Alpbu\u011fra Yavuz<br \/>\nKarl-Baisch Str. 3<br \/>\n71384 Weinstadt<br \/>\ninfo@lr-health.shop<br \/>\nTelefon: +4917646731313<br \/>\nTelefax: <\/p>\n","protected":false},"excerpt":{"rendered":"<p>Datenschutzhinweise nach Art. 13 und 21 DS-GVO f\u00fcr die Website https:\/\/partnerantrag.online\/2508600\/ 1. Allgemeines Wir, die LR Health &amp; Beauty Systems GmbH, Kruppstra\u00dfe 55, 59227 Ahlen (\u201eVerk\u00e4ufer\u201c) und Alpbu\u011fra Yavuz, Karl-Baisch Str. 3, 71384 Weinstadt (\u201eShop-Betreiber\u201c), nehmen den Schutz Ihrer personenbezogenen Daten und die diesem Schutz dienenden gesetzlichen Verpflichtungen sehr ernst. Die gesetzlichen Vorgaben verlangen umfassende [&#8230;]\n","protected":false},"author":1,"featured_media":0,"parent":0,"menu_order":0,"comment_status":"closed","ping_status":"closed","template":"","meta":[],"yoast_head":"<!-- This site is optimized with the Yoast SEO plugin v15.3 - https:\/\/yoast.com\/wordpress\/plugins\/seo\/ -->\n<title>Datenschutzerkl\u00e4rung - LR Partnerantrag<\/title>\n<meta name=\"robots\" content=\"index, follow, max-snippet:-1, max-image-preview:large, max-video-preview:-1\" \/>\n<link rel=\"canonical\" href=\"https:\/\/partnerantrag.online\/2508600\/datenschutzerklaerung\/\" \/>\n<meta property=\"og:locale\" content=\"de_DE\" \/>\n<meta property=\"og:type\" content=\"article\" \/>\n<meta property=\"og:title\" content=\"Datenschutzerkl\u00e4rung - LR Partnerantrag\" \/>\n<meta property=\"og:description\" content=\"Datenschutzhinweise nach Art. 13 und 21 DS-GVO f\u00fcr die Website https:\/\/partnerantrag.online\/2508600\/ 1. Allgemeines Wir, die LR Health &amp; Beauty Systems GmbH, Kruppstra\u00dfe 55, 59227 Ahlen (\u201eVerk\u00e4ufer\u201c) und Alpbu\u011fra Yavuz, Karl-Baisch Str. 3, 71384 Weinstadt (\u201eShop-Betreiber\u201c), nehmen den Schutz Ihrer personenbezogenen Daten und die diesem Schutz dienenden gesetzlichen Verpflichtungen sehr ernst. Die gesetzlichen Vorgaben verlangen umfassende [...]\" \/>\n<meta property=\"og:url\" content=\"https:\/\/partnerantrag.online\/2508600\/datenschutzerklaerung\/\" \/>\n<meta property=\"og:site_name\" content=\"LR Partnerantrag\" \/>\n<meta property=\"article:modified_time\" content=\"2020-12-03T19:04:25+00:00\" \/>\n<meta name=\"twitter:card\" content=\"summary_large_image\" \/>\n<meta name=\"twitter:label1\" content=\"Verfasst von\">\n\t<meta name=\"twitter:data1\" content=\"admin\">\n\t<meta name=\"twitter:label2\" content=\"Gesch\u00e4tzte Lesezeit\">\n\t<meta name=\"twitter:data2\" content=\"11\u00a0Minuten\">\n<script type=\"application\/ld+json\" class=\"yoast-schema-graph\">{\"@context\":\"https:\/\/schema.org\",\"@graph\":[{\"@type\":\"Organization\",\"@id\":\"https:\/\/partnerantrag.online\/2508600\/#organization\",\"name\":\"LR Produkte24\",\"url\":\"https:\/\/partnerantrag.online\/2508600\/\",\"sameAs\":[],\"logo\":{\"@type\":\"ImageObject\",\"@id\":\"https:\/\/partnerantrag.online\/2508600\/#logo\",\"inLanguage\":\"de\",\"url\":\"https:\/\/partnerantrag.online\/2508600\/wp-content\/uploads\/2020\/08\/lr-logo-233x210-01.png\",\"width\":233,\"height\":210,\"caption\":\"LR Produkte24\"},\"image\":{\"@id\":\"https:\/\/partnerantrag.online\/2508600\/#logo\"}},{\"@type\":\"WebSite\",\"@id\":\"https:\/\/partnerantrag.online\/2508600\/#website\",\"url\":\"https:\/\/partnerantrag.online\/2508600\/\",\"name\":\"LR Partnerantrag\",\"description\":\"Werde jetzt LR Partner!\",\"publisher\":{\"@id\":\"https:\/\/partnerantrag.online\/2508600\/#organization\"},\"potentialAction\":[{\"@type\":\"SearchAction\",\"target\":\"https:\/\/partnerantrag.online\/2508600\/?s={search_term_string}\",\"query-input\":\"required name=search_term_string\"}],\"inLanguage\":\"de\"},{\"@type\":\"WebPage\",\"@id\":\"https:\/\/partnerantrag.online\/2508600\/datenschutzerklaerung\/#webpage\",\"url\":\"https:\/\/partnerantrag.online\/2508600\/datenschutzerklaerung\/\",\"name\":\"Datenschutzerkl\\u00e4rung - LR Partnerantrag\",\"isPartOf\":{\"@id\":\"https:\/\/partnerantrag.online\/2508600\/#website\"},\"datePublished\":\"2020-08-29T17:15:51+00:00\",\"dateModified\":\"2020-12-03T19:04:25+00:00\",\"inLanguage\":\"de\",\"potentialAction\":[{\"@type\":\"ReadAction\",\"target\":[\"https:\/\/partnerantrag.online\/2508600\/datenschutzerklaerung\/\"]}]}]}<\/script>\n<!-- \/ Yoast SEO plugin. -->","_links":{"self":[{"href":"https:\/\/partnerantrag.online\/2508600\/wp-json\/wp\/v2\/pages\/10"}],"collection":[{"href":"https:\/\/partnerantrag.online\/2508600\/wp-json\/wp\/v2\/pages"}],"about":[{"href":"https:\/\/partnerantrag.online\/2508600\/wp-json\/wp\/v2\/types\/page"}],"author":[{"embeddable":true,"href":"https:\/\/partnerantrag.online\/2508600\/wp-json\/wp\/v2\/users\/1"}],"replies":[{"embeddable":true,"href":"https:\/\/partnerantrag.online\/2508600\/wp-json\/wp\/v2\/comments?post=10"}],"version-history":[{"count":0,"href":"https:\/\/partnerantrag.online\/2508600\/wp-json\/wp\/v2\/pages\/10\/revisions"}],"wp:attachment":[{"href":"https:\/\/partnerantrag.online\/2508600\/wp-json\/wp\/v2\/media?parent=10"}],"curies":[{"name":"wp","href":"https:\/\/api.w.org\/{rel}","templated":true}]}}