{"id":11,"date":"2020-08-29T17:15:51","date_gmt":"2020-08-29T17:15:51","guid":{"rendered":"https:\/\/lr-produkte24.com\/impressum\/"},"modified":"2021-06-02T09:33:20","modified_gmt":"2021-06-02T07:33:20","slug":"impressum","status":"publish","type":"page","link":"https:\/\/partnerantrag.online\/2508600\/impressum\/","title":{"rendered":"Impressum"},"content":{"rendered":"<p><strong><span style=\"font-size: 18pt;\">Impressum<\/span><\/strong><\/p>\n<p><span style=\"font-size: 110%;\"><strong>Alpbu\u011fra Yavuz<\/strong><\/span><br \/>\n<em>Selbstst\u00e4ndiger LR Vertriebspartner<\/em><\/p>\n<p>Karl-Baisch Str. 3<br \/>\n71384 Weinstadt<\/p>\n<p>info@lr-health.shop<\/p>\n<p>Telefon: +4917646731313<br \/>\nTelefax: <\/p>\n<p>USt.IdNr.: DE3074931<br \/>\nSteuernummer: 90467\/34003<br \/>\nFinanzamt Waiblingen<\/p>\n<p>&nbsp;<\/p>\n<p><strong>Vertragspartner und Verk\u00e4ufer<br \/>\n<\/strong>LR Health &amp; Beauty Systems GmbH<br \/>\nKruppstrasse 55<br \/>\n59227 Ahlen<br \/>\nRegistergericht: Amtsgericht M\u00fcnster<br \/>\nRegisternummer: HRB 10011<br \/>\nUmsatzsteuer-Ident.: DE 814331344<\/p>\n<p>&nbsp;<\/p>\n<p><strong>Europ\u00e4ische Online-Streitbeilegungs-Plattform<\/strong><\/p>\n<p>Die Europ\u00e4ische Kommission stellt eine Plattform zur Online-Streitbeilegung bereit, die Sie hier finden: <a class=\"colored\" href=\"http:\/\/ec.europa.eu\/consumers\/odr\/\" target=\"_blank\" rel=\"nofollow noopener noreferrer\">http:\/\/ec.europa.eu\/consumers\/odr\/<\/a>. Verbraucher haben die M\u00f6glichkeit, diese Plattform ab dem 15. Februar 2016 f\u00fcr die Beilegung ihrer Streitigkeiten im Zusammenhang mit einer Online-Bestellung zu nutzen. Uns erreichen Sie unter anderem unter folgender E-Mail-Adresse: service@lrworld.com<\/p>\n<p>Wir nehmen nicht an einem Verfahren bei einer staatlich anerkannten Verbraucherschlichtungsstelle teil.<\/p>\n<p>Alle auf den Webseiten gezeigten Bilder, Texte und sonstige Darstellungen entsprechen dem LR Health &amp; Beauty Systems Verkaufsprogramm zum Zeitpunkt der Erstellung. \u00c4nderungen bleiben vorbehalten.<br \/>\nTrotz sorgf\u00e4ltiger inhaltlicher Kontrolle \u00fcbernehmen wir keine Haftung f\u00fcr die Inhalte externer Links. F\u00fcr den Inhalt der verlinkten Seiten sind ausschlie\u00dflich deren Betreiber verantwortlich. Die Programme, seine Daten und Bilder sind urheberrechtlich gesch\u00fctzt. Jedes Kopieren oder Vervielf\u00e4ltigen, auch auf Datentr\u00e4gern oder in andere Systeme, ist nur mit ausdr\u00fccklicher Genehmigung von LR Health &amp; Beauty Systems erlaubt. Anderenfalls liegt ein Versto\u00df gegen das Urheberrecht vor. LR Firmierung und LR Marken sind zudem markenrechtlich gesch\u00fctzt.<\/p>\n<p>Informationspflichten lt. E-Commerce-Gesetz ECG<\/p>\n<p>&nbsp;<\/p>\n<hr \/>\n<p>&nbsp;<\/p>\n<p><span style=\"font-size: 8pt;\"><\/span><\/p>\n<p><span style=\"font-size: 8pt;\">Bilder \u00a9 Fotolia.com<\/span><\/p>\n<p>&nbsp;<\/p>\n","protected":false},"excerpt":{"rendered":"<p>Impressum Alpbu\u011fra Yavuz Selbstst\u00e4ndiger LR Vertriebspartner Karl-Baisch Str. 3 71384 Weinstadt info@lr-health.shop Telefon: +4917646731313 Telefax: USt.IdNr.: DE3074931 Steuernummer: 90467\/34003 Finanzamt Waiblingen &nbsp; Vertragspartner und Verk\u00e4ufer LR Health &amp; Beauty Systems GmbH Kruppstrasse 55 59227 Ahlen Registergericht: Amtsgericht M\u00fcnster Registernummer: HRB 10011 Umsatzsteuer-Ident.: DE 814331344 &nbsp; Europ\u00e4ische Online-Streitbeilegungs-Plattform Die Europ\u00e4ische Kommission stellt eine Plattform zur Online-Streitbeilegung [&#8230;]\n","protected":false},"author":1,"featured_media":0,"parent":0,"menu_order":0,"comment_status":"closed","ping_status":"closed","template":"","meta":[],"yoast_head":"<!-- This site is optimized with the Yoast SEO plugin v15.3 - https:\/\/yoast.com\/wordpress\/plugins\/seo\/ -->\n<title>Impressum - LR Partnerantrag<\/title>\n<meta name=\"robots\" content=\"index, follow, max-snippet:-1, max-image-preview:large, max-video-preview:-1\" \/>\n<link rel=\"canonical\" href=\"https:\/\/partnerantrag.online\/2508600\/impressum\/\" \/>\n<meta property=\"og:locale\" content=\"de_DE\" \/>\n<meta property=\"og:type\" content=\"article\" \/>\n<meta property=\"og:title\" content=\"Impressum - LR Partnerantrag\" \/>\n<meta property=\"og:description\" content=\"Impressum Alpbu\u011fra Yavuz Selbstst\u00e4ndiger LR Vertriebspartner Karl-Baisch Str. 3 71384 Weinstadt info@lr-health.shop Telefon: +4917646731313 Telefax: USt.IdNr.: DE3074931 Steuernummer: 90467\/34003 Finanzamt Waiblingen &nbsp; Vertragspartner und Verk\u00e4ufer LR Health &amp; Beauty Systems GmbH Kruppstrasse 55 59227 Ahlen Registergericht: Amtsgericht M\u00fcnster Registernummer: HRB 10011 Umsatzsteuer-Ident.: DE 814331344 &nbsp; Europ\u00e4ische Online-Streitbeilegungs-Plattform Die Europ\u00e4ische Kommission stellt eine Plattform zur Online-Streitbeilegung [...]\" \/>\n<meta property=\"og:url\" content=\"https:\/\/partnerantrag.online\/2508600\/impressum\/\" \/>\n<meta property=\"og:site_name\" content=\"LR Partnerantrag\" \/>\n<meta property=\"article:modified_time\" content=\"2021-06-02T07:33:20+00:00\" \/>\n<meta name=\"twitter:card\" content=\"summary_large_image\" \/>\n<meta name=\"twitter:label1\" content=\"Verfasst von\">\n\t<meta name=\"twitter:data1\" content=\"admin\">\n\t<meta name=\"twitter:label2\" content=\"Gesch\u00e4tzte Lesezeit\">\n\t<meta name=\"twitter:data2\" content=\"1\u00a0Minute\">\n<script type=\"application\/ld+json\" class=\"yoast-schema-graph\">{\"@context\":\"https:\/\/schema.org\",\"@graph\":[{\"@type\":\"Organization\",\"@id\":\"https:\/\/partnerantrag.online\/2508600\/#organization\",\"name\":\"LR Produkte24\",\"url\":\"https:\/\/partnerantrag.online\/2508600\/\",\"sameAs\":[],\"logo\":{\"@type\":\"ImageObject\",\"@id\":\"https:\/\/partnerantrag.online\/2508600\/#logo\",\"inLanguage\":\"de\",\"url\":\"https:\/\/partnerantrag.online\/2508600\/wp-content\/uploads\/2020\/08\/lr-logo-233x210-01.png\",\"width\":233,\"height\":210,\"caption\":\"LR Produkte24\"},\"image\":{\"@id\":\"https:\/\/partnerantrag.online\/2508600\/#logo\"}},{\"@type\":\"WebSite\",\"@id\":\"https:\/\/partnerantrag.online\/2508600\/#website\",\"url\":\"https:\/\/partnerantrag.online\/2508600\/\",\"name\":\"LR Partnerantrag\",\"description\":\"Werde jetzt LR Partner!\",\"publisher\":{\"@id\":\"https:\/\/partnerantrag.online\/2508600\/#organization\"},\"potentialAction\":[{\"@type\":\"SearchAction\",\"target\":\"https:\/\/partnerantrag.online\/2508600\/?s={search_term_string}\",\"query-input\":\"required name=search_term_string\"}],\"inLanguage\":\"de\"},{\"@type\":\"WebPage\",\"@id\":\"https:\/\/partnerantrag.online\/2508600\/impressum\/#webpage\",\"url\":\"https:\/\/partnerantrag.online\/2508600\/impressum\/\",\"name\":\"Impressum - LR Partnerantrag\",\"isPartOf\":{\"@id\":\"https:\/\/partnerantrag.online\/2508600\/#website\"},\"datePublished\":\"2020-08-29T17:15:51+00:00\",\"dateModified\":\"2021-06-02T07:33:20+00:00\",\"inLanguage\":\"de\",\"potentialAction\":[{\"@type\":\"ReadAction\",\"target\":[\"https:\/\/partnerantrag.online\/2508600\/impressum\/\"]}]}]}<\/script>\n<!-- \/ Yoast SEO plugin. -->","_links":{"self":[{"href":"https:\/\/partnerantrag.online\/2508600\/wp-json\/wp\/v2\/pages\/11"}],"collection":[{"href":"https:\/\/partnerantrag.online\/2508600\/wp-json\/wp\/v2\/pages"}],"about":[{"href":"https:\/\/partnerantrag.online\/2508600\/wp-json\/wp\/v2\/types\/page"}],"author":[{"embeddable":true,"href":"https:\/\/partnerantrag.online\/2508600\/wp-json\/wp\/v2\/users\/1"}],"replies":[{"embeddable":true,"href":"https:\/\/partnerantrag.online\/2508600\/wp-json\/wp\/v2\/comments?post=11"}],"version-history":[{"count":0,"href":"https:\/\/partnerantrag.online\/2508600\/wp-json\/wp\/v2\/pages\/11\/revisions"}],"wp:attachment":[{"href":"https:\/\/partnerantrag.online\/2508600\/wp-json\/wp\/v2\/media?parent=11"}],"curies":[{"name":"wp","href":"https:\/\/api.w.org\/{rel}","templated":true}]}}