{"id":12,"date":"2020-08-29T17:15:51","date_gmt":"2020-08-29T17:15:51","guid":{"rendered":"https:\/\/lr-produkte24.com\/agb\/"},"modified":"2020-12-03T20:05:54","modified_gmt":"2020-12-03T19:05:54","slug":"agb","status":"publish","type":"page","link":"https:\/\/partnerantrag.online\/2508600\/agb\/","title":{"rendered":"AGB"},"content":{"rendered":"<div id=\"gCenter\" class=\"col-lg-9\">\n<p><strong>1. Allgemeine Regelungen<\/strong><\/p>\n<p>1.1 Diese Allgemeinen Gesch\u00e4ftsbedingungen (\u201eAGB\u201c) gelten f\u00fcr alle Bestellungen bei LR Health &amp; Beauty Systems GmbH, Kruppstra\u00dfe 55, 59227 Ahlen (\u201eVerk\u00e4ufer\u201c oder \u201ewir\u201c) \u00fcber die Internetseite lr-produkte3.com (\u201eInternetseite\u201c). Alle Vereinbarungen, die zwischen Verk\u00e4ufer und K\u00e4ufer (oder \u201eSie\u201c) im Zusammenhang mit einer Bestellung getroffen werden, sind in diesen AGB, der Datenschutzerkl\u00e4rung und einer etwaigen Auftragsbest\u00e4tigung des Verk\u00e4ufers (insgesamt \u201eVertragstext\u201c) niedergelegt. Mit seiner Bestellung erkennt der K\u00e4ufer die jeweils im Zeitpunkt der Bestellung g\u00fcltigen AGB an, in dem er vor Abschluss der Bestellung durch Aktivierung einer entsprechenden Schaltfl\u00e4che die Geltung dieser AGB best\u00e4tigt. Vom K\u00e4ufer verwendete entgegenstehende AGB werden nicht Vertragsbestandteil.<\/p>\n<p>1.2 Der Vertragstext wird vom Shop-Betreiber gespeichert. Die AGB und Datenschutzerkl\u00e4rung kann der K\u00e4ufer jederzeit von der Website des Shop-Betreibers abrufen, speichern und ausdrucken. Die Daten zur Bestellung des K\u00e4ufers sind aus Sicherheitsgr\u00fcnden nicht \u00fcber das Internet zug\u00e4nglich, sondern werden dem K\u00e4ufer vom Verk\u00e4ufer als Bestellbest\u00e4tigung per E-Mail zusammen mit den Verbraucherinformationen zur Verf\u00fcgung gestellt.<\/p>\n<p>1.3 Die f\u00fcr den Vertragsschluss zur Verf\u00fcgung stehende Sprache ist deutsch.<br \/>\n1.4 Der Verk\u00e4ufer ist berechtigt, mit der Erbringung der von ihm gegen\u00fcber dem K\u00e4ufer aus einem \u00fcber die Internetseite abgeschlossenen Vertrag geschuldeten Leistungen Herrn Alpbu\u011fra Yavuz, Karl-Baisch Str. 3, 71384 Weinstadt (\u201eShop-Betreiber\u201c), als selbst\u00e4ndigen Dienstleister zu beauftragen. Dies gilt insbesondere f\u00fcr die Abwicklung der vertragsbezogenen Kommunikation mit dem K\u00e4ufer und der Abwicklung der Bestellung des K\u00e4ufers \u00fcber die Internetseite.<\/p>\n<p>&nbsp;<\/p>\n<p><strong>2. Angebot, Vertragsschluss und R\u00fccktritt<\/strong><\/p>\n<p>2.1 Die Angebote des Verk\u00e4ufers richten sich ausschlie\u00dflich an unbeschr\u00e4nkt gesch\u00e4ftsf\u00e4hige Personen und juristische Personen mit einem Wohnort oder einer Niederlassung in Deutschland. In der Gesch\u00e4ftsf\u00e4higkeit beschr\u00e4nkte Personen (z.B. Jugendliche vor Vollendung des 18. Lebensjahres) k\u00f6nnen die Angebote des Verk\u00e4ufers nur mit Zustimmung des gesetzlichen Vertreters nutzen.<\/p>\n<p>2.2 Die Angebote des Verk\u00e4ufers sind freibleibend und unverbindlich, es sei denn, der Verk\u00e4ufer hat ein Angebot ausdr\u00fccklich als verbindlich bezeichnet. \u00c4nderungen und Irrt\u00fcmer in Produktinformationen und unwesentliche Abweichungen von Abbildungen bleiben bis zur Abgabe der Bestellung vorbehalten.<\/p>\n<p>2.3 Der K\u00e4ufer bestellt die Ware durch Absendung einer Bestellung \u00fcber die Internetseite des Verk\u00e4ufers. Zu diesem Zweck f\u00fcgt der K\u00e4ufer die von ihm gew\u00fcnschte Ware einem sog. \u201eWarenkorb\u201c zu. Nach Abschluss der Auswahl kann \u00fcber diesen \u201eWarenkorb\u201c die sog. \u201eKasse\u201c aufgerufen werden. Dort legt der Verk\u00e4ufer beim erstmaligen Besuch ein sog. \u201eKundenkonto\u201c an, in dem seine pers\u00f6nlichen Daten entsprechend der Datenschutzerkl\u00e4rung erhoben, verarbeitet und genutzt werden und zuk\u00fcnftig f\u00fcr weitere Bestellungen beim Verk\u00e4ufer zur Verf\u00fcgung stehen. Nach Auswahl der vom K\u00e4ufer gew\u00fcnschten Bezahlungsart (Ziffer 3.1 dieser AGB) werden dem K\u00e4ufer noch einmal die von ihm f\u00fcr die Bestellung ausgew\u00e4hlten Waren sowie die weiteren Daten zur Bestellung angezeigt, bevor vom K\u00e4ufer die Bestellung endg\u00fcltig per Mausklick an den Verk\u00e4ufer gesendet wird. Sollte der K\u00e4ufer bis zu diesem Zeitpunkt Fehler feststellen kann er diese durch \u00c4nderung des Warenkorbs und\/oder der Bestelldaten (Anschrift, Bezahlungsart) durch Auswahl der entsprechenden Schaltfl\u00e4chen auf der Internetseite \u00e4ndern oder den Bestellvorgang vollst\u00e4ndig abbrechen, etwa durch Schlie\u00dfen des Browserfensters. Erst in der abschlie\u00dfenden Best\u00e4tigung der Bestellung durch den K\u00e4ufer liegt der Antrag an den Verk\u00e4ufer auf Abschluss eines Kaufvertrags. Der Verk\u00e4ufer oder in dessen Auftrag der Shop-Betreiber wird dem K\u00e4ufer den Eingang seiner Best\u00e4tigung unverz\u00fcglich per E-Mail best\u00e4tigen (\u201eBestellbest\u00e4tigung\u201c). Mit der Bestellbest\u00e4tigung kommt kein Kaufvertrag zustande.<\/p>\n<p>2.4 Der Kaufvertrag kommt zustande, indem der Verk\u00e4ufer den Antrag des K\u00e4ufers (Ziffer 2.3 dieser AGB) mit einer per E-Mail versandten Auftragsbest\u00e4tigung oder durch Bereitstellung der vom K\u00e4ufer bestellten Ware zum Versand annimmt.<\/p>\n<p>&nbsp;<\/p>\n<p><strong>3. Preise, Zahlung und Eigentumsvorbehalt<\/strong><\/p>\n<p>3.1 F\u00fcr die bestellten Waren gelten die Preise am Tag der Bestellung, die in der Auftragsbest\u00e4tigung nochmals genannt werden. Alle Preise verstehen sich inkl. Mehrwertsteuer zuz\u00fcglich etwaiger Versandkosten und Nachnahmegeb\u00fchren (Ziffer 4.2 dieser AGB). Zahlungen akzeptiert der Verk\u00e4ufer entweder bei Lieferung per Nachnahme oder als Vorkasse via \u00dcberweisung, im Einzelfall wird die Ware auch auf Rechnung geliefert. Bestellungen, deren Warenwert einen Betrag von insgesamt 99,- EUR \u00fcbersteigen und die gleichzeitig den sog. \u201ePartnereinstieg\u201c darstellen, k\u00f6nnen einmalig gegen Nachnahme geliefert werden, ohne dass Nachnahmegeb\u00fchren berechnet werden.<\/p>\n<p>3.2 Die vom K\u00e4ufer bestellte Ware bleibt bis zur vollst\u00e4ndigen Zahlung des Kaufpreises das Eigentum des Verk\u00e4ufers. Die unter Eigentumsvorbehalt stehenden Waren d\u00fcrfen weder an Dritte verpf\u00e4ndet noch zur Sicherheit \u00fcbereignet werden. Der K\u00e4ufer hat den Shop-Betreiber unverz\u00fcglich zu benachrichtigen, wenn und soweit Zugriffe Dritter auf die unter Eigentumsvorbehalt stehenden Waren erfolgen.<\/p>\n<p>3.3 Die vom Verk\u00e4ufer gestellten Rechnungen sind sofort f\u00e4llig und ohne Abzug zahlbar. Der K\u00e4ufer ger\u00e4t in Verzug, wenn er nicht innerhalb von drei\u00dfig Tagen nach F\u00e4lligkeit und Zugang einer Rechnung oder vergleichbaren Zahlungsaufstellung geleistet hat und &#8211; falls der K\u00e4ufer Verbraucher (\u00a7 13 BGB) ist &#8211; er hierauf in der Rechnung oder vergleichbaren Zahlungsaufstellung hingewiesen worden ist.<\/p>\n<p>3.4 Der K\u00e4ufer ist zur Aufrechnung nur berechtigt, wenn die Gegenanspr\u00fcche rechtskr\u00e4ftig festgestellt oder vom Verk\u00e4ufer anerkannt worden oder unstrittig sind; dies gilt nicht, wenn es sich um M\u00e4ngelanspr\u00fcche des K\u00e4ufers gegen den Verk\u00e4ufer aus demselben Vertrag handelt. Zur Aus\u00fcbung eines Zur\u00fcckbehaltungsrechts ist der K\u00e4ufer nur befugt, wenn sein Gegenanspruch gegen den Verk\u00e4ufer auf demselben Kaufvertrag beruht.<\/p>\n<p>&nbsp;<\/p>\n<p><strong>4. Lieferung, Versandkosten und Kosten der R\u00fccksendung<\/strong><\/p>\n<p>4.1 Die \u00dcbergabe der Ware an das Versandunternehmen zwecks Lieferung an den K\u00e4ufer erfolgt bei vorr\u00e4tiger Ware innerhalb von zwei Werktagen, wobei als Werktage im Sinne dieser AGB die Tage von Montag bis Freitag mit Ausnahme der gesetzlichen Feiertage in Nordrhein-Westfalen gelten. Sollte Ware nicht vorr\u00e4tig sein und sich aus diesem Grund die Lieferung verz\u00f6gern, wird der Verk\u00e4ufer den K\u00e4ufer hiervon unverz\u00fcglich per E-Mail unterrichten. Der Verk\u00e4ufer ist in einem dem K\u00e4ufer zumutbaren Umfang zu Teillieferungen berechtigt, falls ein Teil der bestellten Ware vor\u00fcbergehend nicht lieferbar ist. Zus\u00e4tzliche Versandkosten tr\u00e4gt in diesem Fall der Verk\u00e4ufer.<\/p>\n<p>4.2 Der Verk\u00e4ufer liefert die Ware selbst oder unter Beauftragung von Dritten an die vom K\u00e4ufer bei der Bestellung genannte Lieferanschrift. Die anfallenden Versandkosten und etwaige Nachnahmegeb\u00fchren tr\u00e4gt der K\u00e4ufer; sie sind jeweils bei den Produktbeschreibungen f\u00fcr die angebotenen Produkte verlinkt, sowie in der Auftragsbest\u00e4tigung aufgef\u00fchrt. Bei Warenlieferung au\u00dferhalb der Europ\u00e4ischen Union und der Schweiz k\u00f6nnen Einfuhrabgaben (Z\u00f6lle) anfallen, die ebenfalls vom K\u00e4ufer zu tragen sind.<\/p>\n<p>4.3 Der Versand erfolgt grunds\u00e4tzlich versichert.<\/p>\n<p>&nbsp;<\/p>\n<p><strong>5. Besondere Vereinbarungen zum Widerrufsrecht<\/strong><\/p>\n<p>5.1 Macht der K\u00e4ufer von seinem Widerrufsrecht Gebrauch (Ziffer 6 dieser AGB), hat er die regelm\u00e4\u00dfigen Kosten der R\u00fccksendung zu tragen, wenn die gelieferte Ware der bestellten entspricht und wenn der Preis der zur\u00fcckzusendenden Sache einen Betrag von 40 Euro nicht \u00fcbersteigt oder wenn bei einem h\u00f6heren Preis der Sache der K\u00e4ufer zum Zeitpunkt des Widerrufs noch nicht die Gegenleistung oder eine vertraglich vereinbarte Teilzahlung erbracht hat. Anderenfalls ist die R\u00fccksendung f\u00fcr den K\u00e4ufer kostenfrei.<\/p>\n<p>5.2 Macht der K\u00e4ufer von seinem Widerrufsrecht (Ziffer 6 dieser AGB) Gebrauch, muss von ihm Wertersatz f\u00fcr die Verschlechterung der Sache und f\u00fcr gezogene Nutzungen nur geleistet werden, soweit die Nutzungen oder die Verschlechterung auf einem Umgang mit der Sache zur\u00fcckzuf\u00fchren ist, der \u00fcber die Pr\u00fcfung der Eigenschaften und der Funktionsweise hinausgeht. Unter \u201ePr\u00fcfung der Eigenschaften und der Funktionsweise\u201c versteht man das Testen und Ausprobieren der jeweiligen Ware, wie es etwa im Ladengesch\u00e4ft m\u00f6glich und \u00fcblich ist.<\/p>\n<p>&nbsp;<\/p>\n<p><strong>6. Widerrufsrecht f\u00fcr Verbraucher (\u00a7 13 BGB)<\/strong><\/p>\n<p>Widerrufsbelehrung<\/p>\n<p>6.1 Widerrufsrecht<\/p>\n<p>Sie k\u00f6nnen Ihre Vetragserkl\u00e4rung innerhalb von 14 Tagen ohne Angabe von Gr\u00fcnden in Textform (z.B. Brief, Fax, E-Mail) oder \u2013 wenn Ihnen die Sache vor Fristablauf \u00fcberlassen wird \u2013 auch durch R\u00fccksendung der Sache widerrufen. Die Frist beginnt nach Erhalt dieser Belehrung in Textform, jedoch nicht vor Eingang der Ware beim Empf\u00e4nger und auch nicht vor Erf\u00fcllung unserer Informationspflichten gem\u00e4\u00df Artikel 36 \u00a7 2 in Verbindung mit \u00a7 1 Absatz 1 und 2 EGBGB sowie unserer Pflichten gem\u00e4\u00df \u00a7 312g Absatz 1 Satz 1 BGB in Verbindung mit Artikel 36 \u00a7 3 EGBGB. Zur Wahrung der Widerrufsfrist gen\u00fcgt die rechtzeitige Absendung des Widerrufs oder der Sache. Der Widerruf ist zu richten an:<\/p>\n<p>LR Health &amp; Beauty Systems GmbH<br \/>\nKruppstra\u00dfe 55<br \/>\n59227 Ahlen,<br \/>\nE-Mail-Adresse: service@lrworld.com<br \/>\nFax-Nummer: 02382\/7060311.<\/p>\n<p>6.2 Widerrufsfolgen<\/p>\n<p>Im Falle eines wirksamen Widerrufs sind die beiderseits empfangenen Leistungen zur\u00fcckzugew\u00e4hren und ggf. gezogene Nutzungen (z.B. Zinsen) herauszugeben. K\u00f6nnen Sie uns die empfangenen Leistungen sowie Nutzungen (z.B. Gebrauchsvorteile) nicht oder teilweise nicht oder nur in verschlechtertem Zustand zur\u00fcckgew\u00e4hren beziehungsweise herausgeben, m\u00fcssen Sie uns insoweit Wertersatz leisten. F\u00fcr die Verschlechterung der Sache m\u00fcssen Sie Wertersatz nur leisten, soweit die Verschlechterung auf einen Umgang mit der Sache zur\u00fcckzuf\u00fchren ist, der \u00fcber die Pr\u00fcfung der Eigenschaften und der Funktionsweise hinausgeht. Unter \u201ePr\u00fcfung der Eigenschaften und der Funktionsweise\u201c versteht man das Testen und Ausprobieren der jeweiligen Ware, wie es etwa im Ladengesch\u00e4ft m\u00f6glich und \u00fcblich ist. F\u00fcr die Verschlechterung der Sache und f\u00fcr gezogene Nutzungen m\u00fcssen Sie Wertersatz nur leisten, soweit die Nutzungen oder die Verschlechterung auf einen Umgang mit der Sache zur\u00fcckzuf\u00fchren ist, der \u00fcber die Pr\u00fcfung der Eigenschaften oder der Funktionsweise hinausgeht. Paketversandf\u00e4hige Sachen sind auf unsere Gefahr zur\u00fcckzusenden. Sie haben die regelm\u00e4\u00dfigen Kosten der R\u00fccksendung zu tragen, wenn die gelieferte Ware der bestellten entspricht und wenn der Preis der zur\u00fcckzusendenden Sache einen Betrag von 40 EUR nicht \u00fcbersteigt oder wenn Sie bei einem h\u00f6heren Preis der Sache zum Zeitpunkt des Widerrufs noch nicht die Gegenleistung oder eine vertraglich vereinbarte Teilzahlung erbracht haben. Anderenfalls ist die R\u00fccksendung f\u00fcr Sie kostenfrei. Nicht paketversandf\u00e4hige Sachen werden bei Ihnen abgeholt. Verpflichtungen zur Erstattung von Zahlungen m\u00fcssen innerhalb von 30 Tagen erf\u00fcllt werden. Die Frist beginnt f\u00fcr Sie mit der Absendung Ihrer Widerrufserkl\u00e4rung oder der Sache, f\u00fcr uns mit deren Empfang.<\/p>\n<p>6.3 Ausschluss des Widerrufsrechts<\/p>\n<p>Das Widerrufsrecht besteht nicht bei Fernabsatzvertr\u00e4gen zur Lieferung von Waren, die nach Kundenspezifikation angefertigt werden oder eindeutig auf die pers\u00f6nlichen Bed\u00fcrfnisse zugeschnitten sind oder die auf Grund ihrer Beschaffenheit nicht f\u00fcr eine R\u00fccksendung geeignet sind oder schnell verderben k\u00f6nnen oder deren Verfalldatum \u00fcberschritten w\u00fcrde.<\/p>\n<p>Ende der Widerrufsbelehrung<\/p>\n<p>&nbsp;<\/p>\n<p><strong>7. M\u00e4ngelhaftung (Gew\u00e4hrleistung) und Garantie<\/strong><\/p>\n<p>7.1 Sollte die vom Verk\u00e4ufer gelieferte Ware mangelhaft sein, gelten die gesetzlichen M\u00e4ngelanspr\u00fcche (\u00a7 437 B\u00fcrgerliches Gesetzbuch), soweit im Folgenden nichts anderes bestimmt ist. Dies gilt entsprechend f\u00fcr gesetzliche Vertreter und Erf\u00fcllungsgehilfen, derer sich der Verk\u00e4ufer bei der Erf\u00fcllung der Verpflichtungen gegen\u00fcber dem K\u00e4ufer bedient.<\/p>\n<p>7.2 Der Verk\u00e4ufer haftet nicht f\u00fcr Sch\u00e4den, die nicht an der Ware selbst entstanden sind und auch nicht f\u00fcr sonstige Verm\u00f6genssch\u00e4den wie entgangenen Gewinn. Im \u00dcbrigen ist die Haftung des Verk\u00e4ufers beschr\u00e4nkt auf den typischerweise vorhersehbaren Schaden.<\/p>\n<p>7.3 Die vorstehenden Haftungsbeschr\u00e4nkungen gelten nicht f\u00fcr Sch\u00e4den, die (a) auf vors\u00e4tzlichen oder grob fahrl\u00e4ssigen Vertragsverletzungen sowie Arglist des Verk\u00e4ufers beruhen, (b) f\u00fcr Sch\u00e4den an Leben, K\u00f6rper und Gesundheit, (c) f\u00fcr Sch\u00e4den, die durch das Fehlen einer Beschaffenheit entstanden sind, die der Verk\u00e4ufer garantiert hat, (d) bei Sch\u00e4den, die von der Haftung nach dem Produkthaftungsgesetz umfasst werden, (e) f\u00fcr die Geltendmachung von Schadensersatzanspr\u00fcchen, wenn es sich bei der verkauften Ware um neu hergestellte Sachen handelt, (f) bei gesetzlichen Sonderregelungen im Fall der Arglist (\u00a7 438 Abs. 3 BGB) sowie (g) bei der Endlieferung der Ware durch einen Unternehmer (\u00a7 14 BGB) an einen Verbraucher (\u00a7 13 BGB) im Rahmen des Lieferantenregress nach \u00a7\u00a7 478, 479 BGB.<\/p>\n<p>7.4 Etwaige \u00fcber die gesetzliche M\u00e4ngelhaftung des Verk\u00e4ufers hinausgehende Garantien der Warenhersteller bleiben von den vorstehenden Regelungen unber\u00fchrt. Ebenso werden die dem K\u00e4ufer gesetzlich zustehenden M\u00e4ngelanspr\u00fcche durch etwaige Garantien der Warenhersteller nicht ber\u00fchrt.<\/p>\n<p>&nbsp;<\/p>\n<p><strong>8. Datenschutz<\/strong><\/p>\n<p>Der Verk\u00e4ufer und der Shop-Betreiber erheben, verarbeiten und nutzen Daten ausschlie\u00dflich nach den Vorgaben des deutschen Datenschutzrechts. Die Datenschutzerkl\u00e4rung in ihrer jeweils aktuellen Fassung ist auf der Internetseite unter \u201eDatenschutz\u201c verf\u00fcgbar.<\/p>\n<p>&nbsp;<\/p>\n<p><strong>9. Schlussbestimmung<\/strong><\/p>\n<p>9.1 Es gilt deutsches Recht unter Ausschluss des UN-Kaufrechts. Im Gesch\u00e4ftsverkehr mit Verbrauchern (\u00a7 13 BGB) mit Wohnsitz in der Europ\u00e4ischen Union kann ausnahmsweise auch das Recht am Wohnsitz des Verbrauchers (\u00a7 13 BGB) anwendbar sein, wenn es sich um zwingende verbraucherschutzrechtliche Bestimmungen handelt.<\/p>\n<p>9.2 Sollten einzelne Bestimmung dieser AGB ganz oder teilweise unwirksam sein oder werden, wird hierdurch die G\u00fcltigkeit der \u00fcbrigen Bestimmungen nicht ber\u00fchrt. In diesem Fall finden die gesetzlichen Bestimmungen Anwendung.<\/p>\n<p>9.3 Die \u00dcbertragung von Rechten und Pflichten, die dem K\u00e4ufer aus einem mit dem Verk\u00e4ufer abgeschlossenen Vertrag zustehen, auf einen Dritten bedarf der Zustimmung durch den Verk\u00e4ufer, die nur aus wichtigem Grund verweigert werden darf. Dies gilt insbesondere f\u00fcr etwaige M\u00e4ngelanspr\u00fcche des K\u00e4ufers gegen den Verk\u00e4ufer.<\/p>\n<p>&nbsp;<\/p>\n<p><strong>10. Hinweise nach Batterieverordnung<\/strong><\/p>\n<p>Zum Lieferumfang der vom Verk\u00e4ufer verkauften Waren k\u00f6nnen Batterien geh\u00f6ren. Als Endverbraucher ist der K\u00e4ufer nach der Batterieverordnung gesetzlich zur R\u00fcckgabe aller gebrauchten Batterien verpflichtet. Der K\u00e4ufer kann deshalb Batterien, die er beim Verk\u00e4ufer erworben hat, unentgeltlich bei den \u00f6ffentlichen Sammelstellen in unmittelbarer N\u00e4he des K\u00e4ufers abgeben oder an den Verk\u00e4ufer zur\u00fccksenden. Batterien, zu deren R\u00fcckgabe der K\u00e4ufer verpflichtet ist, werden jeweils durch Zeichen, bestehend aus einer durchgestrichenen M\u00fclltonne und dem chemischen Symbol des f\u00fcr die Einstufung als schadstoffhaltig ausschlaggebenden Schwermetalls (Cd f\u00fcr Cadmium, Hg f\u00fcr Quecksilber oder Pb f\u00fcr Blei), gekennzeichnet.<\/p>\n<p>&nbsp;<\/p>\n<p><strong>11. Beschwerdeverfahren<\/strong><\/p>\n<p>Alternative Streitbeilegung gem\u00e4\u00df Art. 14 Abs. 1 ODR-VO und \u00a7 36 VSBG: Die EU-Kommission stellt eine Plattform zur Online-Streitbeilegung (OS-Plattform) bereit, die Sie unter <a href=\"http:\/\/ec.europa.eu\/consumers\/odr\/\" target=\"_blank\" rel=\"nofollow noopener noreferrer\">http:\/\/ec.europa.eu\/consumers\/odr\/<\/a> finden. Zur Teilnahme an einem Streitbeilegungsverfahren vor einer Verbraucherschlichtungsstelle sind wir nicht verpflichtet und nicht bereit.<\/p>\n<\/div>\n","protected":false},"excerpt":{"rendered":"<p>1. Allgemeine Regelungen 1.1 Diese Allgemeinen Gesch\u00e4ftsbedingungen (\u201eAGB\u201c) gelten f\u00fcr alle Bestellungen bei LR Health &amp; Beauty Systems GmbH, Kruppstra\u00dfe 55, 59227 Ahlen (\u201eVerk\u00e4ufer\u201c oder \u201ewir\u201c) \u00fcber die Internetseite lr-produkte3.com (\u201eInternetseite\u201c). Alle Vereinbarungen, die zwischen Verk\u00e4ufer und K\u00e4ufer (oder \u201eSie\u201c) im Zusammenhang mit einer Bestellung getroffen werden, sind in diesen AGB, der Datenschutzerkl\u00e4rung und einer [&#8230;]\n","protected":false},"author":1,"featured_media":0,"parent":0,"menu_order":0,"comment_status":"closed","ping_status":"closed","template":"","meta":[],"yoast_head":"<!-- This site is optimized with the Yoast SEO plugin v15.3 - https:\/\/yoast.com\/wordpress\/plugins\/seo\/ -->\n<title>AGB - LR Partnerantrag<\/title>\n<meta name=\"robots\" content=\"index, follow, max-snippet:-1, max-image-preview:large, max-video-preview:-1\" \/>\n<link rel=\"canonical\" href=\"https:\/\/partnerantrag.online\/2508600\/agb\/\" \/>\n<meta property=\"og:locale\" content=\"de_DE\" \/>\n<meta property=\"og:type\" content=\"article\" \/>\n<meta property=\"og:title\" content=\"AGB - LR Partnerantrag\" \/>\n<meta property=\"og:description\" content=\"1. Allgemeine Regelungen 1.1 Diese Allgemeinen Gesch\u00e4ftsbedingungen (\u201eAGB\u201c) gelten f\u00fcr alle Bestellungen bei LR Health &amp; Beauty Systems GmbH, Kruppstra\u00dfe 55, 59227 Ahlen (\u201eVerk\u00e4ufer\u201c oder \u201ewir\u201c) \u00fcber die Internetseite lr-produkte3.com (\u201eInternetseite\u201c). Alle Vereinbarungen, die zwischen Verk\u00e4ufer und K\u00e4ufer (oder \u201eSie\u201c) im Zusammenhang mit einer Bestellung getroffen werden, sind in diesen AGB, der Datenschutzerkl\u00e4rung und einer [...]\" \/>\n<meta property=\"og:url\" content=\"https:\/\/partnerantrag.online\/2508600\/agb\/\" \/>\n<meta property=\"og:site_name\" content=\"LR Partnerantrag\" \/>\n<meta property=\"article:modified_time\" content=\"2020-12-03T19:05:54+00:00\" \/>\n<meta name=\"twitter:card\" content=\"summary_large_image\" \/>\n<meta name=\"twitter:label1\" content=\"Verfasst von\">\n\t<meta name=\"twitter:data1\" content=\"admin\">\n\t<meta name=\"twitter:label2\" content=\"Gesch\u00e4tzte Lesezeit\">\n\t<meta name=\"twitter:data2\" content=\"9\u00a0Minuten\">\n<script type=\"application\/ld+json\" class=\"yoast-schema-graph\">{\"@context\":\"https:\/\/schema.org\",\"@graph\":[{\"@type\":\"Organization\",\"@id\":\"https:\/\/partnerantrag.online\/2508600\/#organization\",\"name\":\"LR Produkte24\",\"url\":\"https:\/\/partnerantrag.online\/2508600\/\",\"sameAs\":[],\"logo\":{\"@type\":\"ImageObject\",\"@id\":\"https:\/\/partnerantrag.online\/2508600\/#logo\",\"inLanguage\":\"de\",\"url\":\"https:\/\/partnerantrag.online\/2508600\/wp-content\/uploads\/2020\/08\/lr-logo-233x210-01.png\",\"width\":233,\"height\":210,\"caption\":\"LR Produkte24\"},\"image\":{\"@id\":\"https:\/\/partnerantrag.online\/2508600\/#logo\"}},{\"@type\":\"WebSite\",\"@id\":\"https:\/\/partnerantrag.online\/2508600\/#website\",\"url\":\"https:\/\/partnerantrag.online\/2508600\/\",\"name\":\"LR Partnerantrag\",\"description\":\"Werde jetzt LR Partner!\",\"publisher\":{\"@id\":\"https:\/\/partnerantrag.online\/2508600\/#organization\"},\"potentialAction\":[{\"@type\":\"SearchAction\",\"target\":\"https:\/\/partnerantrag.online\/2508600\/?s={search_term_string}\",\"query-input\":\"required name=search_term_string\"}],\"inLanguage\":\"de\"},{\"@type\":\"WebPage\",\"@id\":\"https:\/\/partnerantrag.online\/2508600\/agb\/#webpage\",\"url\":\"https:\/\/partnerantrag.online\/2508600\/agb\/\",\"name\":\"AGB - LR Partnerantrag\",\"isPartOf\":{\"@id\":\"https:\/\/partnerantrag.online\/2508600\/#website\"},\"datePublished\":\"2020-08-29T17:15:51+00:00\",\"dateModified\":\"2020-12-03T19:05:54+00:00\",\"inLanguage\":\"de\",\"potentialAction\":[{\"@type\":\"ReadAction\",\"target\":[\"https:\/\/partnerantrag.online\/2508600\/agb\/\"]}]}]}<\/script>\n<!-- \/ Yoast SEO plugin. -->","_links":{"self":[{"href":"https:\/\/partnerantrag.online\/2508600\/wp-json\/wp\/v2\/pages\/12"}],"collection":[{"href":"https:\/\/partnerantrag.online\/2508600\/wp-json\/wp\/v2\/pages"}],"about":[{"href":"https:\/\/partnerantrag.online\/2508600\/wp-json\/wp\/v2\/types\/page"}],"author":[{"embeddable":true,"href":"https:\/\/partnerantrag.online\/2508600\/wp-json\/wp\/v2\/users\/1"}],"replies":[{"embeddable":true,"href":"https:\/\/partnerantrag.online\/2508600\/wp-json\/wp\/v2\/comments?post=12"}],"version-history":[{"count":0,"href":"https:\/\/partnerantrag.online\/2508600\/wp-json\/wp\/v2\/pages\/12\/revisions"}],"wp:attachment":[{"href":"https:\/\/partnerantrag.online\/2508600\/wp-json\/wp\/v2\/media?parent=12"}],"curies":[{"name":"wp","href":"https:\/\/api.w.org\/{rel}","templated":true}]}}