{"id":607,"date":"2020-09-02T05:29:52","date_gmt":"2020-09-02T05:29:52","guid":{"rendered":"https:\/\/lr-produkte24.com\/?page_id=607"},"modified":"2020-12-03T20:48:20","modified_gmt":"2020-12-03T19:48:20","slug":"ueber-uns","status":"publish","type":"page","link":"https:\/\/partnerantrag.online\/2508600\/ueber-uns\/","title":{"rendered":"\u00dcber uns"},"content":{"rendered":"<p>Im Onlineshop von Alpbu\u011fra Yavuz k\u00f6nnen Sie die ganze Produktwelt von LR Health &amp; Beauty Systeme GmbH, dem erfolgreichen Unternehmen aus Ahlen, kennenlernen. Egal ob hochwertige Kosmetikprodukte f\u00fcr die Augen, Lippen oder die Haut, Parf\u00fcm von namhaftem Parf\u00fcm-Design, Nahrungserg\u00e4nzungsmittel in Form von Vitaminen und Mineralien und Mittel zur Gewichtsreduzierung oder auch Schmuck von edlen Designern, hier k\u00f6nnen Sie alle LR Produkte mit wenigen Klicks bestellen. Sie haben auch die M\u00f6glichkeit als Premiumkunde Produkte mit einem 20%-igen Rabatt zu bestellen oder Sie werden Vertriebspartner von LR Health &amp; Beauty Systems und bekommen Produkte aus allen Bereichen des Sortiments zum H\u00e4ndler-Einkaufspreis. \u00dcberzeugen Sie sich selbst von der hochwertigen Qualit\u00e4t zum g\u00fcnstigen Preis, dieser hier erh\u00e4ltlichen Produkte von LR.<\/p>\n<p>Wir w\u00fcnschen Ihnen viel Spa\u00df beim Einkauf und viel Freude mit den Produkten von LR.<\/p>\n<p>&nbsp;<\/p>\n<h2>Informationen zu der LR Health &amp; Beauty Systems GmbH<\/h2>\n<p>Die LR Health &amp; Beauty Systems GmbH, eines der gro\u0308\u00dften europ\u00e4ischen Direktvertriebsunternehmen im Bereich Pflege- und Scho\u0308nheitsprodukte, sowie Nahrungs- und Futtererg\u00e4nzungsmittel und Schmuck, ist in vielen L\u00e4ndern der Welt vertreten und za\u0308hlt mit seinen mehr als 300.000 selbststa\u0308ndigen Vertriebspartnern zu den fu\u0308hrenden Branchengro\u0308\u00dfen. Zu seinen Erfolgssa\u0308ulen geho\u0308ren u.a. Top-Produkte mit deutschem Qualit\u00e4tsanspruch, ein einzigartiges Autokonzept, ein fairer und transparenter Marketingplan sowie die Kooperation mit Prominenten wie Bruce Willis und Guido Maria Kretschmer. Besonderen Wert legt das Unternehmen auf die Aus- und Fortbildung von Fu\u0308hrungskra\u0308ften, die in einer eigenen Akademie erfolgt.<\/p>\n<p>LR Health &amp; Beauty Systems ist Mitglied im Kosmetikverband (VKE), Bundesverband deutscher Industrie- und Handelsunternehmen f\u00fcr Arzneimittel, Reformwaren, Nahrungserg\u00e4nzungsmittel und K\u00f6rperpflegemittel e.V. (BDHI), Industrieverband Ko\u0308rperpflege und Waschmittel (IKW) und Bundesverband Direktvertrieb Deutschland e.V. (BDD).<\/p>\n<p>Sozial engagiert sich LR seit Oktober 2008 in unterschiedlichen internationalen Projekten. Hierzu wurde der LR GLOBAL KIDS FUND e.V. (LRGKF) ins Leben gerufen, um bed\u00fcrftigen Kindern in Not zu helfen. Derzeit unterst\u00fctzt der LRGKF 19 Projekte in 16 verschiedenen L\u00e4ndern. Darunter zum Beispiel das \u201eHouse of Guardian Angels\u201c in Polen, den Verein \u201eF\u00fcr Rum\u00e4nische Waisenkinder e.V.\u201c in Rum\u00e4nien und j\u00fcngst das Kinderrestaurant Lunch Club in Ahlen\/NRW.<\/p>\n","protected":false},"excerpt":{"rendered":"<p>Im Onlineshop von Alpbu\u011fra Yavuz k\u00f6nnen Sie die ganze Produktwelt von LR Health &amp; Beauty Systeme GmbH, dem erfolgreichen Unternehmen aus Ahlen, kennenlernen. Egal ob hochwertige Kosmetikprodukte f\u00fcr die Augen, Lippen oder die Haut, Parf\u00fcm von namhaftem Parf\u00fcm-Design, Nahrungserg\u00e4nzungsmittel in Form von Vitaminen und Mineralien und Mittel zur Gewichtsreduzierung oder auch Schmuck von edlen Designern, [&#8230;]\n","protected":false},"author":1,"featured_media":0,"parent":0,"menu_order":0,"comment_status":"closed","ping_status":"closed","template":"","meta":[],"yoast_head":"<!-- This site is optimized with the Yoast SEO plugin v15.3 - https:\/\/yoast.com\/wordpress\/plugins\/seo\/ -->\n<title>\u00dcber uns - LR Partnerantrag<\/title>\n<meta name=\"robots\" content=\"index, follow, max-snippet:-1, max-image-preview:large, max-video-preview:-1\" \/>\n<link rel=\"canonical\" href=\"https:\/\/partnerantrag.online\/2508600\/ueber-uns\/\" \/>\n<meta property=\"og:locale\" content=\"de_DE\" \/>\n<meta property=\"og:type\" content=\"article\" \/>\n<meta property=\"og:title\" content=\"\u00dcber uns - LR Partnerantrag\" \/>\n<meta property=\"og:description\" content=\"Im Onlineshop von Alpbu\u011fra Yavuz k\u00f6nnen Sie die ganze Produktwelt von LR Health &amp; Beauty Systeme GmbH, dem erfolgreichen Unternehmen aus Ahlen, kennenlernen. Egal ob hochwertige Kosmetikprodukte f\u00fcr die Augen, Lippen oder die Haut, Parf\u00fcm von namhaftem Parf\u00fcm-Design, Nahrungserg\u00e4nzungsmittel in Form von Vitaminen und Mineralien und Mittel zur Gewichtsreduzierung oder auch Schmuck von edlen Designern, [...]\" \/>\n<meta property=\"og:url\" content=\"https:\/\/partnerantrag.online\/2508600\/ueber-uns\/\" \/>\n<meta property=\"og:site_name\" content=\"LR Partnerantrag\" \/>\n<meta property=\"article:modified_time\" content=\"2020-12-03T19:48:20+00:00\" \/>\n<meta name=\"twitter:card\" content=\"summary_large_image\" \/>\n<meta name=\"twitter:label1\" content=\"Verfasst von\">\n\t<meta name=\"twitter:data1\" content=\"admin\">\n\t<meta name=\"twitter:label2\" content=\"Gesch\u00e4tzte Lesezeit\">\n\t<meta name=\"twitter:data2\" content=\"1\u00a0Minute\">\n<script type=\"application\/ld+json\" class=\"yoast-schema-graph\">{\"@context\":\"https:\/\/schema.org\",\"@graph\":[{\"@type\":\"Organization\",\"@id\":\"https:\/\/partnerantrag.online\/2508600\/#organization\",\"name\":\"LR Produkte24\",\"url\":\"https:\/\/partnerantrag.online\/2508600\/\",\"sameAs\":[],\"logo\":{\"@type\":\"ImageObject\",\"@id\":\"https:\/\/partnerantrag.online\/2508600\/#logo\",\"inLanguage\":\"de\",\"url\":\"https:\/\/partnerantrag.online\/2508600\/wp-content\/uploads\/2020\/08\/lr-logo-233x210-01.png\",\"width\":233,\"height\":210,\"caption\":\"LR Produkte24\"},\"image\":{\"@id\":\"https:\/\/partnerantrag.online\/2508600\/#logo\"}},{\"@type\":\"WebSite\",\"@id\":\"https:\/\/partnerantrag.online\/2508600\/#website\",\"url\":\"https:\/\/partnerantrag.online\/2508600\/\",\"name\":\"LR Partnerantrag\",\"description\":\"Werde jetzt LR Partner!\",\"publisher\":{\"@id\":\"https:\/\/partnerantrag.online\/2508600\/#organization\"},\"potentialAction\":[{\"@type\":\"SearchAction\",\"target\":\"https:\/\/partnerantrag.online\/2508600\/?s={search_term_string}\",\"query-input\":\"required name=search_term_string\"}],\"inLanguage\":\"de\"},{\"@type\":\"WebPage\",\"@id\":\"https:\/\/partnerantrag.online\/2508600\/ueber-uns\/#webpage\",\"url\":\"https:\/\/partnerantrag.online\/2508600\/ueber-uns\/\",\"name\":\"\\u00dcber uns - LR Partnerantrag\",\"isPartOf\":{\"@id\":\"https:\/\/partnerantrag.online\/2508600\/#website\"},\"datePublished\":\"2020-09-02T05:29:52+00:00\",\"dateModified\":\"2020-12-03T19:48:20+00:00\",\"inLanguage\":\"de\",\"potentialAction\":[{\"@type\":\"ReadAction\",\"target\":[\"https:\/\/partnerantrag.online\/2508600\/ueber-uns\/\"]}]}]}<\/script>\n<!-- \/ Yoast SEO plugin. -->","_links":{"self":[{"href":"https:\/\/partnerantrag.online\/2508600\/wp-json\/wp\/v2\/pages\/607"}],"collection":[{"href":"https:\/\/partnerantrag.online\/2508600\/wp-json\/wp\/v2\/pages"}],"about":[{"href":"https:\/\/partnerantrag.online\/2508600\/wp-json\/wp\/v2\/types\/page"}],"author":[{"embeddable":true,"href":"https:\/\/partnerantrag.online\/2508600\/wp-json\/wp\/v2\/users\/1"}],"replies":[{"embeddable":true,"href":"https:\/\/partnerantrag.online\/2508600\/wp-json\/wp\/v2\/comments?post=607"}],"version-history":[{"count":0,"href":"https:\/\/partnerantrag.online\/2508600\/wp-json\/wp\/v2\/pages\/607\/revisions"}],"wp:attachment":[{"href":"https:\/\/partnerantrag.online\/2508600\/wp-json\/wp\/v2\/media?parent=607"}],"curies":[{"name":"wp","href":"https:\/\/api.w.org\/{rel}","templated":true}]}}