{"id":13,"date":"2020-08-29T17:15:51","date_gmt":"2020-08-29T17:15:51","guid":{"rendered":"https:\/\/lr-produkte24.com\/widerrufsbelehrung\/"},"modified":"2021-06-02T09:36:38","modified_gmt":"2021-06-02T07:36:38","slug":"widerrufsbelehrung","status":"publish","type":"page","link":"https:\/\/partnerantrag.online\/2531355\/widerrufsbelehrung\/","title":{"rendered":"Widerrufsbelehrung"},"content":{"rendered":"<p>Mit den nachfolgenden Verbraucherinformationen kommen wir unseren gesetzlichen Informationspflichten bei Fernabsatzgesch\u00e4ften mit Verbrauchern (\u00a7 13 BGB) nach. Wir informieren Sie (\u201eK\u00e4ufer\u201c) hier \u00fcber alle Umst\u00e4nde im Zusammenhang mit Zustandekommen und Durchf\u00fchrung des Vertrages aufgrund einer Bestellung auf der Internetseite https:\/\/partnerantrag.online\/2531355\/ (\u201eInternetseite\u201c).<\/p>\n<p><strong>Anbieter der Internetseite<\/strong><\/p>\n<p>Andre Filipe  Guerreiro da Silva<br \/>\nB\u00fcrfermeister-Schmidt-Str. 12<br \/>\n51399 Burscheid<br \/>\nTelefon: 00491776319286<br \/>\nTelefax:<br \/>\nE-Mail: a.silva.291@hotmail.com<br \/>\n(\u201eShop-Betreiber\u201c).<\/p>\n<p><strong>Vertragspartner und Verk\u00e4ufer<\/strong><\/p>\n<p>LR Health &amp; Beauty Systems GmbH<br \/>\nKruppstrasse 55<br \/>\n59227 Ahlen<br \/>\nRegistergericht: Amtsgericht M\u00fcnster; Registernummer: HRB 10011<br \/>\nUmsatzsteuer-Ident.: DE 814331344<br \/>\nTelefon: +49 (0) 2382 &#8211; 70 60 0<br \/>\nTelefax: +49 (0) 2382 &#8211; 70 60 311<br \/>\nE-Mail: service@lrworld.com<br \/>\n(\u201eVerk\u00e4ufer\u201c).<\/p>\n<p>&nbsp;<\/p>\n<p><strong>Wesentliche vertragliche Bestimmungen:<\/strong><\/p>\n<p>Gem\u00e4\u00df Art. 126 \u00a7\u00a7 1, 2 EGBGB ist der Verk\u00e4ufer verpflichtet, Ihnen als Verbraucher (\u00a7 13 BGB) sp\u00e4testens mit Vertragsschluss die nachfolgenden wesentlichen vertraglichen Bestimmungen in Textform (z.B. Brief, E-Mail, Fax) zur Verf\u00fcgung zu stellen. Hierbei handelt es sich nicht um unsere Allgemeinen Gesch\u00e4ftsbedingungen (\u201eAGB\u201c), sondern nur um diejenigen Bestimmungen, die Ihnen zwingend zur Verf\u00fcgung gestellt werden m\u00fcssen. Die vollst\u00e4ndigen AGB k\u00f6nnen Sie jederzeit auf der Internetseite unter AGB abrufen.<\/p>\n<p>&nbsp;<\/p>\n<p><strong>1 Allgemeine Informationen<\/strong><\/p>\n<p>1.1 F\u00fcr Bestellungen auf der Website gelten die AGB des Verk\u00e4ufers (siehe oben). Der Vertragstext (AGB, Datenschutzerkl\u00e4rung und etwaige Auftragsbest\u00e4tigung) wird vom Shop-Betreiber gespeichert. Die AGB und Datenschutzerkl\u00e4rung k\u00f6nnen jederzeit auf der Internetseite abgerufen und von dort gespeichert und ausgedruckt werden. Die Daten zu Bestellungen des K\u00e4ufers sind aus Sicherheitsgr\u00fcnden nicht \u00fcber das Internet zug\u00e4nglich, sondern werden dem K\u00e4ufer vom Verk\u00e4ufer als Bestellbest\u00e4tigung per E-Mail zur Verf\u00fcgung gestellt. Ebenfalls mit der Bestellbest\u00e4tigung erhalten Sie per E-Mail diese Kundeninformationen \u00dcbersandt, damit Sie jederzeit Zugriff hierauf haben. Die f\u00fcr den Vertragsschluss zur Verf\u00fcgung stehende Sprache ist deutsch.<\/p>\n<p>1.2 Der Verk\u00e4ufer ist berechtigt, mit der Erbringung der von ihm gegen\u00fcber dem K\u00e4ufer aus einem \u00fcber die Internetseite abgeschlossenen Vertrag geschuldeten Leistungen den Shop-Betreiber als selbst\u00e4ndigen Dienstleister zu beauftragen. Dies gilt insbesondere f\u00fcr die Abwicklung der vertragsbezogenen Kommunikation mit dem K\u00e4ufer und der Abwicklung der Bestellung des K\u00e4ufers \u00fcber die Internetseite.<\/p>\n<p>&nbsp;<\/p>\n<p><strong>2. Vertragsinformationen<\/strong><\/p>\n<p>2.1 Der K\u00e4ufer bestellt die Ware durch Absendung einer Bestellung \u00fcber die Internetseite des Verk\u00e4ufers. Zu diesem Zweck f\u00fcgt der K\u00e4ufer die von ihm gew\u00fcnschte Ware einem sog. \u201eWarenkorb\u201c zu. Nach Abschluss der Auswahl kann \u00fcber diesen \u201eWarenkorb\u201c die sog. \u201eKasse\u201c aufgerufen werden. Dort legt der Verk\u00e4ufer beim erstmaligen Besuch ein sog. \u201eKundenkonto\u201c an, in dem seine pers\u00f6nlichen Daten entsprechend der Datenschutzerkl\u00e4rung erhoben, verarbeitet und genutzt werden und zuk\u00fcnftig f\u00fcr weitere Bestellungen beim Verk\u00e4ufer zur Verf\u00fcgung stehen. Nach Auswahl der vom K\u00e4ufer gew\u00fcnschten Bezahlungsart werden dem K\u00e4ufer noch einmal die von ihm f\u00fcr die Bestellung ausgew\u00e4hlten Waren sowie die weiteren Daten zur Bestellung angezeigt, bevor vom K\u00e4ufer die Bestellung endg\u00fcltig per Mausklick an den Verk\u00e4ufer gesendet wird. Sollte der K\u00e4ufer bis zu diesem Zeitpunkt Fehler feststellen kann er diese durch \u00c4nderung des Warenkorbs und\/oder der Bestelldaten (Anschrift, Bezahlungsart) durch Auswahl der entsprechenden Schaltfl\u00e4chen auf der Internetseite \u00e4ndern oder den Bestellvorgang vollst\u00e4ndig abbrechen, etwa durch Schlie\u00dfen des Browserfensters. Erst in der abschlie\u00dfenden Best\u00e4tigung der Bestellung durch den K\u00e4ufer liegt der Antrag an den Verk\u00e4ufer auf Abschluss eines Kaufvertrags. Der Verk\u00e4ufer oder in dessen Auftrag der Shop-Betreiber wird dem K\u00e4ufer den Eingang seiner Best\u00e4tigung unverz\u00fcglich per E-Mail best\u00e4tigen (\u201eBestellbest\u00e4tigung\u201c). Mit der Bestellbest\u00e4tigung kommt kein Kaufvertrag zustande. Der Kaufvertrag kommt zustande, indem der Verk\u00e4ufer den Antrag des K\u00e4ufers mit einer per E-Mail versandten Auftragsbest\u00e4tigung oder durch Bereitstellung der vom K\u00e4ufer bestellten Ware zum Versand annimmt.<\/p>\n<p>2.2 F\u00fcr die bestellten Waren gelten die Preise am Tag der Bestellung, die in dieser E-Mail nochmals genannt werden. Alle Preise verstehen sich inkl. Mehrwertsteuer zuz\u00fcglich etwaiger Versandkosten und Nachnahmegeb\u00fchren. Bei Warenlieferung au\u00dferhalb der Europ\u00e4ischen Union und der Schweiz k\u00f6nnen Einfuhrabgaben (Z\u00f6lle) anfallen, die vom K\u00e4ufer zu tragen sind. Zahlungen akzeptiert der Verk\u00e4ufer entweder bei Lieferung per Nachnahme oder als Vorkasse via \u00dcberweisung, im Einzelfall wird die Ware auch auf Rechnung geliefert. Bestellungen, deren Warenwert einen Betrag von insgesamt 99,- EUR \u00fcbersteigen und die gleichzeitig den sog. \u201ePartnereinstieg\u201c darstellen, k\u00f6nnen einmalig gegen Nachnahme geliefert werden, ohne dass Nachnahmegeb\u00fchren berechnet werden. Die vom Verk\u00e4ufer gestellten Rechnungen sind sofort f\u00e4llig und ohne Abzug zahlbar. Der K\u00e4ufer ger\u00e4t in Verzug, wenn er nicht innerhalb von drei\u00dfig Tagen nach F\u00e4lligkeit und Zugang einer Rechnung oder vergleichbaren Zahlungsaufstellung geleistet hat und \u2013 falls der K\u00e4ufer Verbraucher ist (\u00a7 13 BGB) \u2013 er hierauf in der Rechnung oder vergleichbaren Zahlungsaufstellung hingewiesen worden ist.<\/p>\n<p>2.3 Die \u00dcbergabe der Ware an das Versandunternehmen zwecks Lieferung an den K\u00e4ufer erfolgt bei vorr\u00e4tiger Ware innerhalb von zwei Werktagen, wobei als Werktage im Sinne dieser AGB die Tage von Montag bis Freitag mit Ausnahme der gesetzlichen Feiertage in Nordrhein-Westfalen gelten. Der Versand erfolgt grunds\u00e4tzlich versichert. Sollte Ware nicht sofort lieferbar sein und sich aus diesem Grund die Lieferung verz\u00f6gern, wird der Verk\u00e4ufer den K\u00e4ufer hiervon unverz\u00fcglich per E-Mail unterrichten. Der Verk\u00e4ufer ist in einem dem K\u00e4ufer zumutbaren Umfang zu Teillieferungen berechtigt, falls ein Teil der bestellten Ware vor\u00fcbergehend nicht lieferbar ist. Zus\u00e4tzliche Versandkosten tr\u00e4gt in diesem Fall der Verk\u00e4ufer. Der Verk\u00e4ufer liefert die Ware selbst oder unter Beauftragung von Dritten an die vom K\u00e4ufer bei der Bestellung genannte Lieferanschrift.<\/p>\n<p>&nbsp;<\/p>\n<p><strong>3. Besondere Vereinbarungen zum Widerrufsrecht<\/strong><\/p>\n<p>3.1 Macht der K\u00e4ufer von seinem Widerrufsrecht Gebrauch (Ziffer 6 dieser AGB), hat er die regelm\u00e4\u00dfigen Kosten der R\u00fccksendung zu tragen, wenn die gelieferte Ware der bestellten entspricht und wenn der Preis der zur\u00fcckzusendenden Sache einen Betrag von 40 Euro nicht \u00fcbersteigt oder wenn bei einem h\u00f6heren Preis der Sache der K\u00e4ufer zum Zeitpunkt des Widerrufs noch nicht die Gegenleistung oder eine vertraglich vereinbarte Teilzahlung erbracht hat. Anderenfalls ist die R\u00fccksendung f\u00fcr den K\u00e4ufer kostenfrei.<\/p>\n<p>3.2 Macht der K\u00e4ufer von seinem Widerrufsrecht (Ziffer 6 dieser AGB) Gebrauch, muss von ihm Wertersatz f\u00fcr die Verschlechterung der Sache und f\u00fcr gezogene Nutzungen nur geleistet werden, soweit die Nutzungen oder die Verschlechterung auf einem Umgang mit der Sache zur\u00fcckzuf\u00fchren ist, der \u00fcber die Pr\u00fcfung der Eigenschaften und der Funktionsweise hinausgeht. Unter \u201ePr\u00fcfung der Eigenschaften und der Funktionsweise\u201c versteht man das Testen und Ausprobieren der jeweiligen Ware, wie es etwa im Ladengesch\u00e4ft m\u00f6glich und \u00fcblich ist.<\/p>\n<p>&nbsp;<\/p>\n<p><strong>4. Widerrufsrecht f\u00fcr Verbraucher (\u00a7 13 BGB)<\/strong><\/p>\n<p>Widerrufsbelehrung<\/p>\n<p>4.1 Widerrufsrecht<\/p>\n<p>Sie k\u00f6nnen Ihre Vetragserkl\u00e4rung innerhalb von 14 Tagen ohne Angabe von Gr\u00fcnden in Textform (z.B. Brief, Fax, E-Mail) oder \u2013 wenn Ihnen die Sache vor Fristablauf \u00fcberlassen wird \u2013 auch durch R\u00fccksendung der Sache widerrufen. Die Frist beginnt nach Erhalt dieser Belehrung in Textform, jedoch nicht vor Eingang der Ware beim Empf\u00e4nger und auch nicht vor Erf\u00fcllung unserer Informationspflichten gem\u00e4\u00df Artikel 126 \u00a7 2 in Verbindung mit \u00a7 1 Absatz 1 und 2 EGBGB sowie unserer Pflichten gem\u00e4\u00df \u00a7 312g Absatz 1 Satz 1 BGB in Verbindung mit Artikel 126 \u00a7 3 EGBGB. Zur Wahrung der Widerrufsfrist gen\u00fcgt die rechtzeitige Absendung des Widerrufs oder der Sache. Der Widerruf ist zu richten an:<\/p>\n<p>LR Health &amp; Beauty Systems GmbH<br \/>\nKruppstra\u00dfe 55<br \/>\n59227 Ahlen,<br \/>\nE-Mail-Adresse: service@lrworld.com<br \/>\nFax-Nummer: 02382\/7060311.<\/p>\n<p>4.2 Widerrufsfolgen<\/p>\n<p>Im Falle eines wirksamen Widerrufs sind die beiderseits empfangenen Leistungen zur\u00fcckzugew\u00e4hren und ggf. gezogene Nutzungen (z.B. Zinsen) herauszugeben. K\u00f6nnen Sie uns die empfangenen Leistungen sowie Nutzungen (z.B. Gebrauchsvorteile) nicht oder teilweise nicht oder nur in verschlechtertem Zustand zur\u00fcckgew\u00e4hren beziehungsweise herausgeben, m\u00fcssen Sie uns insoweit Wertersatz leisten. F\u00fcr die Verschlechterung der Sache m\u00fcssen Sie Wertersatz nur leisten, soweit die Verschlechterung auf einen Umgang mit der Sache zur\u00fcckzuf\u00fchren ist, der \u00fcber die Pr\u00fcfung der Eigenschaften und der Funktionsweise hinausgeht. Unter \u201ePr\u00fcfung der Eigenschaften und der Funktionsweise\u201c versteht man das Testen und Ausprobieren der jeweiligen Ware, wie es etwa im Ladengesch\u00e4ft m\u00f6glich und \u00fcblich ist. F\u00fcr die Verschlechterung der Sache und f\u00fcr gezogene Nutzungen m\u00fcssen Sie Wertersatz nur leisten, soweit die Nutzungen oder die Verschlechterung auf einen Umgang mit der Sache zur\u00fcckzuf\u00fchren ist, der \u00fcber die Pr\u00fcfung der Eigenschaften oder der Funktionsweise hinausgeht. Paketversandf\u00e4hige Sachen sind auf unsere Gefahr zur\u00fcckzusenden. Sie haben die regelm\u00e4\u00dfigen Kosten der R\u00fccksendung zu tragen, wenn die gelieferte Ware der bestellten entspricht und wenn der Preis der zur\u00fcckzusendenden Sache einen Betrag von 40 EUR nicht \u00fcbersteigt oder wenn Sie bei einem h\u00f6heren Preis der Sache zum Zeitpunkt des Widerrufs noch nicht die Gegenleistung oder eine vertraglich vereinbarte Teilzahlung erbracht haben. Anderenfalls ist die R\u00fccksendung f\u00fcr Sie kostenfrei. Nicht paketversandf\u00e4hige Sachen werden bei Ihnen abgeholt. Verpflichtungen zur Erstattung von Zahlungen m\u00fcssen innerhalb von 30 Tagen erf\u00fcllt werden. Die Frist beginnt f\u00fcr Sie mit der Absendung Ihrer Widerrufserkl\u00e4rung oder der Sache, f\u00fcr uns mit deren Empfang.<\/p>\n<p>4.3 Ausschluss des Widerrufsrechts<\/p>\n<p>Das Widerrufsrecht besteht nicht bei Fernabsatzvertr\u00e4gen zur Lieferung von Waren, die nach Kundenspezifikation angefertigt werden oder eindeutig auf die pers\u00f6nlichen Bed\u00fcrfnisse zugeschnitten sind oder die auf Grund ihrer Beschaffenheit nicht f\u00fcr eine R\u00fccksendung geeignet sind oder schnell verderben k\u00f6nnen oder deren Verfalldatum \u00fcberschritten w\u00fcrde.<\/p>\n<p>Ende der Widerrufsbelehrung<\/p>\n<p>&nbsp;<\/p>\n<p><strong>5. M\u00e4ngelhaftung (Gew\u00e4hrleistung) und Garantie<\/strong><\/p>\n<p>5.1 Sollte die vom Verk\u00e4ufer gelieferte Ware mangelhaft sein, gelten die gesetzlichen M\u00e4ngelanspr\u00fcche (\u00a7 437 B\u00fcrgerliches Gesetzbuch), soweit im Folgenden nichts anderes bestimmt ist. Dies gilt entsprechend f\u00fcr gesetzliche Vertreter und Erf\u00fcllungsgehilfen, derer sich der Verk\u00e4ufer bei der Erf\u00fcllung der Verpflichtungen gegen\u00fcber dem K\u00e4ufer bedient.<\/p>\n<p>5.2 Der Verk\u00e4ufer haftet nicht f\u00fcr Sch\u00e4den, die nicht an der Ware selbst entstanden sind und auch nicht f\u00fcr sonstige Verm\u00f6genssch\u00e4den wie entgangenen Gewinn. Im \u00dcbrigen ist die Haftung des Verk\u00e4ufers beschr\u00e4nkt auf den typischerweise vorhersehbaren Schaden.<\/p>\n<p>5.3 Die vorstehenden Haftungsbeschr\u00e4nkungen gelten nicht f\u00fcr Sch\u00e4den, die (a) auf vors\u00e4tzlichen oder grob fahrl\u00e4ssigen Vertragsverletzungen sowie Arglist des Verk\u00e4ufers beruhen, (b) f\u00fcr Sch\u00e4den an Leben, K\u00f6rper und Gesundheit, (c) f\u00fcr Sch\u00e4den, die durch das Fehlen einer Beschaffenheit entstanden sind, die der Verk\u00e4ufer garantiert hat, (d) bei Sch\u00e4den, die von der Haftung nach dem Produkthaftungsgesetz umfasst werden, (e) f\u00fcr die Geltendmachung von Schadensersatzanspr\u00fcchen, wenn es sich bei der verkauften Ware um neu hergestellte Sachen handelt, (f) bei gesetzlichen Sonderregelungen im Fall der Arglist (\u00a7 438 Abs. 3 BGB) sowie (g) bei der Endlieferung der Ware durch einen Unternehmer (\u00a7 14 BGB) an einen Verbraucher (\u00a7 13 BGB) im Rahmen des Lieferantenregress nach \u00a7\u00a7 478, 479 BGB.<\/p>\n<p>5.4 Etwaige \u00fcber die gesetzliche M\u00e4ngelhaftung des Verk\u00e4ufers hinausgehende Garantien der Warenhersteller bleiben von den vorstehenden Regelungen unber\u00fchrt. Ebenso werden die dem K\u00e4ufer gesetzlich zustehenden M\u00e4ngelanspr\u00fcche durch etwaige Garantien der Warenhersteller nicht ber\u00fchrt.<\/p>\n<p>&nbsp;<\/p>\n<hr \/>\n<p>&nbsp;<\/p>\n<div>\n<p>Verwenden Sie gerne dieses <u><strong><a href=\"https:\/\/cdn.lrworld.com\/images_cms\/files\/muster-2.pdf\" target=\"_blank\" rel=\"noopener noreferrer\">Musterformular<\/a><\/strong><\/u>\u00a0 f\u00fcr Ihren Widerruf.<\/p>\n<\/div>\n","protected":false},"excerpt":{"rendered":"<p>Mit den nachfolgenden Verbraucherinformationen kommen wir unseren gesetzlichen Informationspflichten bei Fernabsatzgesch\u00e4ften mit Verbrauchern (\u00a7 13 BGB) nach. Wir informieren Sie (\u201eK\u00e4ufer\u201c) hier \u00fcber alle Umst\u00e4nde im Zusammenhang mit Zustandekommen und Durchf\u00fchrung des Vertrages aufgrund einer Bestellung auf der Internetseite https:\/\/partnerantrag.online\/2531355\/ (\u201eInternetseite\u201c). Anbieter der Internetseite Andre Filipe Guerreiro da Silva B\u00fcrfermeister-Schmidt-Str. 12 51399 Burscheid Telefon: 00491776319286 [&#8230;]\n","protected":false},"author":1,"featured_media":0,"parent":0,"menu_order":0,"comment_status":"closed","ping_status":"closed","template":"","meta":[],"yoast_head":"<!-- This site is optimized with the Yoast SEO plugin v15.3 - https:\/\/yoast.com\/wordpress\/plugins\/seo\/ -->\n<title>Widerrufsbelehrung - LR Partnerantrag<\/title>\n<meta name=\"robots\" content=\"index, follow, max-snippet:-1, max-image-preview:large, max-video-preview:-1\" \/>\n<link rel=\"canonical\" href=\"https:\/\/partnerantrag.online\/2531355\/widerrufsbelehrung\/\" \/>\n<meta property=\"og:locale\" content=\"de_DE\" \/>\n<meta property=\"og:type\" content=\"article\" \/>\n<meta property=\"og:title\" content=\"Widerrufsbelehrung - LR Partnerantrag\" \/>\n<meta property=\"og:description\" content=\"Mit den nachfolgenden Verbraucherinformationen kommen wir unseren gesetzlichen Informationspflichten bei Fernabsatzgesch\u00e4ften mit Verbrauchern (\u00a7 13 BGB) nach. Wir informieren Sie (\u201eK\u00e4ufer\u201c) hier \u00fcber alle Umst\u00e4nde im Zusammenhang mit Zustandekommen und Durchf\u00fchrung des Vertrages aufgrund einer Bestellung auf der Internetseite https:\/\/partnerantrag.online\/2531355\/ (\u201eInternetseite\u201c). Anbieter der Internetseite Andre Filipe Guerreiro da Silva B\u00fcrfermeister-Schmidt-Str. 12 51399 Burscheid Telefon: 00491776319286 [...]\" \/>\n<meta property=\"og:url\" content=\"https:\/\/partnerantrag.online\/2531355\/widerrufsbelehrung\/\" \/>\n<meta property=\"og:site_name\" content=\"LR Partnerantrag\" \/>\n<meta property=\"article:modified_time\" content=\"2021-06-02T07:36:38+00:00\" \/>\n<meta name=\"twitter:card\" content=\"summary_large_image\" \/>\n<meta name=\"twitter:label1\" content=\"Verfasst von\">\n\t<meta name=\"twitter:data1\" content=\"admin\">\n\t<meta name=\"twitter:label2\" content=\"Gesch\u00e4tzte Lesezeit\">\n\t<meta name=\"twitter:data2\" content=\"7\u00a0Minuten\">\n<script type=\"application\/ld+json\" class=\"yoast-schema-graph\">{\"@context\":\"https:\/\/schema.org\",\"@graph\":[{\"@type\":\"Organization\",\"@id\":\"https:\/\/partnerantrag.online\/2531355\/#organization\",\"name\":\"LR Produkte24\",\"url\":\"https:\/\/partnerantrag.online\/2531355\/\",\"sameAs\":[],\"logo\":{\"@type\":\"ImageObject\",\"@id\":\"https:\/\/partnerantrag.online\/2531355\/#logo\",\"inLanguage\":\"de\",\"url\":\"https:\/\/partnerantrag.online\/2531355\/wp-content\/uploads\/2020\/08\/lr-logo-233x210-01.png\",\"width\":233,\"height\":210,\"caption\":\"LR Produkte24\"},\"image\":{\"@id\":\"https:\/\/partnerantrag.online\/2531355\/#logo\"}},{\"@type\":\"WebSite\",\"@id\":\"https:\/\/partnerantrag.online\/2531355\/#website\",\"url\":\"https:\/\/partnerantrag.online\/2531355\/\",\"name\":\"LR Partnerantrag\",\"description\":\"Werde jetzt LR Partner!\",\"publisher\":{\"@id\":\"https:\/\/partnerantrag.online\/2531355\/#organization\"},\"potentialAction\":[{\"@type\":\"SearchAction\",\"target\":\"https:\/\/partnerantrag.online\/2531355\/?s={search_term_string}\",\"query-input\":\"required name=search_term_string\"}],\"inLanguage\":\"de\"},{\"@type\":\"WebPage\",\"@id\":\"https:\/\/partnerantrag.online\/2531355\/widerrufsbelehrung\/#webpage\",\"url\":\"https:\/\/partnerantrag.online\/2531355\/widerrufsbelehrung\/\",\"name\":\"Widerrufsbelehrung - LR Partnerantrag\",\"isPartOf\":{\"@id\":\"https:\/\/partnerantrag.online\/2531355\/#website\"},\"datePublished\":\"2020-08-29T17:15:51+00:00\",\"dateModified\":\"2021-06-02T07:36:38+00:00\",\"inLanguage\":\"de\",\"potentialAction\":[{\"@type\":\"ReadAction\",\"target\":[\"https:\/\/partnerantrag.online\/2531355\/widerrufsbelehrung\/\"]}]}]}<\/script>\n<!-- \/ Yoast SEO plugin. -->","_links":{"self":[{"href":"https:\/\/partnerantrag.online\/2531355\/wp-json\/wp\/v2\/pages\/13"}],"collection":[{"href":"https:\/\/partnerantrag.online\/2531355\/wp-json\/wp\/v2\/pages"}],"about":[{"href":"https:\/\/partnerantrag.online\/2531355\/wp-json\/wp\/v2\/types\/page"}],"author":[{"embeddable":true,"href":"https:\/\/partnerantrag.online\/2531355\/wp-json\/wp\/v2\/users\/1"}],"replies":[{"embeddable":true,"href":"https:\/\/partnerantrag.online\/2531355\/wp-json\/wp\/v2\/comments?post=13"}],"version-history":[{"count":0,"href":"https:\/\/partnerantrag.online\/2531355\/wp-json\/wp\/v2\/pages\/13\/revisions"}],"wp:attachment":[{"href":"https:\/\/partnerantrag.online\/2531355\/wp-json\/wp\/v2\/media?parent=13"}],"curies":[{"name":"wp","href":"https:\/\/api.w.org\/{rel}","templated":true}]}}